{"id":1363,"date":"2019-01-20T22:28:11","date_gmt":"2019-01-20T22:28:11","guid":{"rendered":"http:\/\/cebrasilcentral.com.br\/novosite\/?page_id=1363"},"modified":"2022-04-14T18:16:56","modified_gmt":"2022-04-14T18:16:56","slug":"1363-2","status":"publish","type":"page","link":"https:\/\/cebrasilcentral.com.br\/novosite\/1363-2\/","title":{"rendered":"CIDOS"},"content":{"rendered":"<p>[et_pb_section fb_built=&#8221;1&#8243; fullwidth=&#8221;on&#8221; _builder_version=&#8221;3.22&#8243; fb_built=&#8221;1&#8243; _i=&#8221;0&#8243; _address=&#8221;0&#8243;][et_pb_fullwidth_slider show_arrows=&#8221;off&#8221; show_pagination=&#8221;off&#8221; admin_label=&#8221;Fullwidth Slider&#8221; _builder_version=&#8221;3.19.6&#8243; custom_padding=&#8221;200px||200px|&#8221; custom_padding_tablet=&#8221;|||&#8221; custom_padding_phone=&#8221;|||&#8221; box_shadow_style=&#8221;preset6&#8243; box_shadow_blur=&#8221;10px&#8221; box_shadow_color=&#8221;rgba(0,0,0,0.1)&#8221; show_inner_shadow=&#8221;on&#8221; button_text_size__hover_enabled=&#8221;off&#8221; button_one_text_size__hover_enabled=&#8221;off&#8221; button_two_text_size__hover_enabled=&#8221;off&#8221; button_text_color__hover_enabled=&#8221;off&#8221; button_one_text_color__hover_enabled=&#8221;off&#8221; button_two_text_color__hover_enabled=&#8221;off&#8221; button_border_width__hover_enabled=&#8221;off&#8221; button_one_border_width__hover_enabled=&#8221;off&#8221; button_two_border_width__hover_enabled=&#8221;off&#8221; button_border_color__hover_enabled=&#8221;off&#8221; button_one_border_color__hover_enabled=&#8221;off&#8221; button_two_border_color__hover_enabled=&#8221;off&#8221; button_border_radius__hover_enabled=&#8221;off&#8221; button_one_border_radius__hover_enabled=&#8221;off&#8221; button_two_border_radius__hover_enabled=&#8221;off&#8221; button_letter_spacing__hover_enabled=&#8221;off&#8221; button_one_letter_spacing__hover_enabled=&#8221;off&#8221; button_two_letter_spacing__hover_enabled=&#8221;off&#8221; button_bg_color__hover_enabled=&#8221;off&#8221; button_one_bg_color__hover_enabled=&#8221;off&#8221; button_two_bg_color__hover_enabled=&#8221;off&#8221; _i=&#8221;0&#8243; _address=&#8221;0.0&#8243;][et_pb_slide _builder_version=&#8221;3.19.6&#8243; background_color=&#8221;#ffffff&#8221; background_image=&#8221;https:\/\/cebrasilcentral.com.br\/novosite\/wp-content\/uploads\/2019\/01\/CIDOS.jpg&#8221; button_text_size__hover_enabled=&#8221;off&#8221; button_one_text_size__hover_enabled=&#8221;off&#8221; button_two_text_size__hover_enabled=&#8221;off&#8221; button_text_color__hover_enabled=&#8221;off&#8221; button_one_text_color__hover_enabled=&#8221;off&#8221; button_two_text_color__hover_enabled=&#8221;off&#8221; button_border_width__hover_enabled=&#8221;off&#8221; button_one_border_width__hover_enabled=&#8221;off&#8221; button_two_border_width__hover_enabled=&#8221;off&#8221; button_border_color__hover_enabled=&#8221;off&#8221; button_one_border_color__hover_enabled=&#8221;off&#8221; button_two_border_color__hover_enabled=&#8221;off&#8221; button_border_radius__hover_enabled=&#8221;off&#8221; button_one_border_radius__hover_enabled=&#8221;off&#8221; button_two_border_radius__hover_enabled=&#8221;off&#8221; button_letter_spacing__hover_enabled=&#8221;off&#8221; button_one_letter_spacing__hover_enabled=&#8221;off&#8221; button_two_letter_spacing__hover_enabled=&#8221;off&#8221; button_bg_color__hover_enabled=&#8221;off&#8221; button_one_bg_color__hover_enabled=&#8221;off&#8221; button_two_bg_color__hover_enabled=&#8221;off&#8221; _i=&#8221;0&#8243; _address=&#8221;0.0.0&#8243;]<\/p>\n<h1>CIDOS &#8211; T\u00c9CNICO EM CUIDADOS DE IDOSOS\u00a0A DIST\u00c2NCIA<\/h1>\n<p>[\/et_pb_slide][\/et_pb_fullwidth_slider][\/et_pb_section][et_pb_section fb_built=&#8221;1&#8243; _builder_version=&#8221;3.22&#8243; fb_built=&#8221;1&#8243; _i=&#8221;1&#8243; _address=&#8221;1&#8243;][et_pb_row column_structure=&#8221;2_3,1_3&#8243; _builder_version=&#8221;3.25&#8243; background_size=&#8221;initial&#8221; background_position=&#8221;top_left&#8221; background_repeat=&#8221;repeat&#8221; _i=&#8221;0&#8243; _address=&#8221;1.0&#8243;][et_pb_column type=&#8221;2_3&#8243; _builder_version=&#8221;3.25&#8243; custom_padding=&#8221;|||&#8221; _i=&#8221;0&#8243; _address=&#8221;1.0.0&#8243; custom_padding__hover=&#8221;|||&#8221;][et_pb_text admin_label=&#8221;Text&#8221; _builder_version=&#8221;3.27.4&#8243; background_size=&#8221;initial&#8221; background_position=&#8221;top_left&#8221; background_repeat=&#8221;repeat&#8221; _i=&#8221;0&#8243; _address=&#8221;1.0.0.0&#8243;]<\/p>\n<p>Oferecemos a voc\u00ea a oportunidade de ser um profissional qualificado &#8230;.<\/p>\n<p>* A dura\u00e7\u00e3o do curso \u00e9 de acordo com o que prev\u00ea na Resolu\u00e7\u00e3o n. 01\/2012-CEDF.<\/p>\n<p>* O Sistema de avalia\u00e7\u00e3o engloba: provas, atividades programadas no f\u00f3rum e frequ\u00eancia nas tutorias que correspondem a 20% (vinte por cento) do eixo tecnol\u00f3gico do curso.<\/p>\n<p>* O material did\u00e1tico pedag\u00f3gico \u00e9 totalmente gr\u00e1tis. Bons estudos e desde j\u00e1, sucesso como profissional no \u00e2mbito escolar!<\/p>\n<p>[\/et_pb_text][et_pb_text admin_label=&#8221;Text&#8221; _builder_version=&#8221;3.27.4&#8243; background_size=&#8221;initial&#8221; background_position=&#8221;top_left&#8221; background_repeat=&#8221;repeat&#8221; _i=&#8221;1&#8243; _address=&#8221;1.0.0.1&#8243;]<a href='http:\/\/sead.cebrasilcentral.com.br\/downloads\/manuais\/MANUAL_DO_ALUNO.pdf' class='icon-button download-icon' target=\"_blank\">Manual do Aluno<span class='et-icon'><\/span><\/a>[\/et_pb_text][\/et_pb_column][et_pb_column type=&#8221;1_3&#8243; _builder_version=&#8221;3.25&#8243; custom_padding=&#8221;|||&#8221; _i=&#8221;1&#8243; _address=&#8221;1.0.1&#8243; custom_padding__hover=&#8221;|||&#8221;][et_pb_image src=&#8221;https:\/\/cebrasilcentral.com.br\/novosite\/wp-content\/uploads\/2017\/07\/Acesso-01.jpg&#8221; url=&#8221;https:\/\/cidos.cebrasilcentral.com.br\/inicial.aspx&#8221; url_new_window=&#8221;on&#8221; align_tablet=&#8221;center&#8221; align_last_edited=&#8221;on|desktop&#8221; admin_label=&#8221;Image&#8221; _builder_version=&#8221;3.29.3&#8243; hover_enabled=&#8221;0&#8243; animation=&#8221;off&#8221; sticky=&#8221;off&#8221; _i=&#8221;0&#8243; _address=&#8221;1.0.1.0&#8243;][\/et_pb_image][\/et_pb_column][\/et_pb_row][\/et_pb_section][et_pb_section fb_built=&#8221;1&#8243; _builder_version=&#8221;3.22&#8243; fb_built=&#8221;1&#8243; _i=&#8221;2&#8243; _address=&#8221;2&#8243;][et_pb_row column_structure=&#8221;1_3,1_3,1_3&#8243; _builder_version=&#8221;3.25&#8243; background_size=&#8221;initial&#8221; background_position=&#8221;top_left&#8221; background_repeat=&#8221;repeat&#8221; _i=&#8221;0&#8243; _address=&#8221;2.0&#8243;][et_pb_column type=&#8221;1_3&#8243; _builder_version=&#8221;3.25&#8243; custom_padding=&#8221;|||&#8221; _i=&#8221;0&#8243; _address=&#8221;2.0.0&#8243; custom_padding__hover=&#8221;|||&#8221;][et_pb_blurb url=&#8221;mailto:secretariasead@cebrasilcentral.com.br&#8221; use_icon=&#8221;on&#8221; font_icon=&#8221;?&#8221; icon_color=&#8221;#3e4095&#8243; icon_placement=&#8221;left&#8221; admin_label=&#8221;Blurb&#8221; _builder_version=&#8221;3.19.6&#8243; background_size=&#8221;initial&#8221; background_position=&#8221;top_left&#8221; background_repeat=&#8221;repeat&#8221; text_orientation=&#8221;center&#8221; animation=&#8221;off&#8221; _i=&#8221;0&#8243; _address=&#8221;2.0.0.0&#8243;]<\/p>\n<p>secretariacidos@cebrasilcentral.com.br<\/p>\n<p>[\/et_pb_blurb][et_pb_blurb url=&#8221;mailto:tesouraria@cebrasilcentral.com.br&#8221; use_icon=&#8221;on&#8221; font_icon=&#8221;?&#8221; icon_color=&#8221;#3e4095&#8243; icon_placement=&#8221;left&#8221; admin_label=&#8221;Blurb&#8221; _builder_version=&#8221;3.0.74&#8243; background_size=&#8221;initial&#8221; background_position=&#8221;top_left&#8221; background_repeat=&#8221;repeat&#8221; text_orientation=&#8221;center&#8221; animation=&#8221;off&#8221; _i=&#8221;1&#8243; _address=&#8221;2.0.0.1&#8243;]tesouraria@cebrasilcentral.com.br<br \/>\n[\/et_pb_blurb][\/et_pb_column][et_pb_column type=&#8221;1_3&#8243; _builder_version=&#8221;3.25&#8243; custom_padding=&#8221;|||&#8221; _i=&#8221;1&#8243; _address=&#8221;2.0.1&#8243; custom_padding__hover=&#8221;|||&#8221;][et_pb_blurb url=&#8221;mailto:admforumsead@cebrasilcentral.com.br&#8221; use_icon=&#8221;on&#8221; font_icon=&#8221;?&#8221; icon_color=&#8221;#3e4095&#8243; icon_placement=&#8221;left&#8221; admin_label=&#8221;Blurb&#8221; _builder_version=&#8221;3.19.6&#8243; background_size=&#8221;initial&#8221; background_position=&#8221;top_left&#8221; background_repeat=&#8221;repeat&#8221; text_orientation=&#8221;center&#8221; animation=&#8221;off&#8221; _i=&#8221;0&#8243; _address=&#8221;2.0.1.0&#8243;]<\/p>\n<p>admforumcidos@cebrasilcentral.com.br<\/p>\n<p>[\/et_pb_blurb][et_pb_blurb url=&#8221;mailto:direcao@cebrasilcentral.com.br&#8221; use_icon=&#8221;on&#8221; font_icon=&#8221;?&#8221; icon_color=&#8221;#3e4095&#8243; icon_placement=&#8221;left&#8221; admin_label=&#8221;Blurb&#8221; _builder_version=&#8221;3.0.74&#8243; background_size=&#8221;initial&#8221; background_position=&#8221;top_left&#8221; background_repeat=&#8221;repeat&#8221; text_orientation=&#8221;center&#8221; animation=&#8221;off&#8221; _i=&#8221;1&#8243; _address=&#8221;2.0.1.1&#8243;]direcao@cebrasilcentral.com.br<br \/>\n[\/et_pb_blurb][\/et_pb_column][et_pb_column type=&#8221;1_3&#8243; _builder_version=&#8221;3.25&#8243; custom_padding=&#8221;|||&#8221; _i=&#8221;2&#8243; _address=&#8221;2.0.2&#8243; custom_padding__hover=&#8221;|||&#8221;][et_pb_blurb url=&#8221;mailto:recepcao@cebrasilcentral.com.br&#8221; use_icon=&#8221;on&#8221; font_icon=&#8221;?&#8221; icon_color=&#8221;#3e4095&#8243; icon_placement=&#8221;left&#8221; admin_label=&#8221;Blurb&#8221; _builder_version=&#8221;3.0.74&#8243; background_size=&#8221;initial&#8221; background_position=&#8221;top_left&#8221; background_repeat=&#8221;repeat&#8221; text_orientation=&#8221;center&#8221; animation=&#8221;off&#8221; _i=&#8221;0&#8243; _address=&#8221;2.0.2.0&#8243;]recepcao@cebrasilcentral.com.br<br \/>\n[\/et_pb_blurb][et_pb_blurb url=&#8221;mailto:adm@cebrasilcentral.com.br&#8221; use_icon=&#8221;on&#8221; font_icon=&#8221;?&#8221; icon_color=&#8221;#3e4095&#8243; icon_placement=&#8221;left&#8221; admin_label=&#8221;Blurb&#8221; _builder_version=&#8221;3.0.74&#8243; background_size=&#8221;initial&#8221; background_position=&#8221;top_left&#8221; background_repeat=&#8221;repeat&#8221; text_orientation=&#8221;center&#8221; animation=&#8221;off&#8221; _i=&#8221;1&#8243; _address=&#8221;2.0.2.1&#8243;]adm@cebrasilcentral.com.br<br \/>\n[\/et_pb_blurb][\/et_pb_column][\/et_pb_row][\/et_pb_section]<\/p>\n","protected":false},"excerpt":{"rendered":"<p>[et_pb_section fb_built=&#8221;1&#8243; fullwidth=&#8221;on&#8221; _builder_version=&#8221;3.22&#8243; fb_built=&#8221;1&#8243; _i=&#8221;0&#8243; _address=&#8221;0&#8243;][et_pb_fullwidth_slider show_arrows=&#8221;off&#8221; show_pagination=&#8221;off&#8221; admin_label=&#8221;Fullwidth Slider&#8221; _builder_version=&#8221;3.19.6&#8243; custom_padding=&#8221;200px||200px|&#8221; custom_padding_tablet=&#8221;|||&#8221; custom_padding_phone=&#8221;|||&#8221; box_shadow_style=&#8221;preset6&#8243; box_shadow_blur=&#8221;10px&#8221; box_shadow_color=&#8221;rgba(0,0,0,0.1)&#8221; show_inner_shadow=&#8221;on&#8221; button_text_size__hover_enabled=&#8221;off&#8221; button_one_text_size__hover_enabled=&#8221;off&#8221; button_two_text_size__hover_enabled=&#8221;off&#8221; button_text_color__hover_enabled=&#8221;off&#8221; button_one_text_color__hover_enabled=&#8221;off&#8221; button_two_text_color__hover_enabled=&#8221;off&#8221; button_border_width__hover_enabled=&#8221;off&#8221; button_one_border_width__hover_enabled=&#8221;off&#8221; button_two_border_width__hover_enabled=&#8221;off&#8221; button_border_color__hover_enabled=&#8221;off&#8221; button_one_border_color__hover_enabled=&#8221;off&#8221; button_two_border_color__hover_enabled=&#8221;off&#8221; button_border_radius__hover_enabled=&#8221;off&#8221; button_one_border_radius__hover_enabled=&#8221;off&#8221; button_two_border_radius__hover_enabled=&#8221;off&#8221; button_letter_spacing__hover_enabled=&#8221;off&#8221; button_one_letter_spacing__hover_enabled=&#8221;off&#8221; button_two_letter_spacing__hover_enabled=&#8221;off&#8221; button_bg_color__hover_enabled=&#8221;off&#8221; button_one_bg_color__hover_enabled=&#8221;off&#8221; button_two_bg_color__hover_enabled=&#8221;off&#8221; _i=&#8221;0&#8243; _address=&#8221;0.0&#8243;][et_pb_slide _builder_version=&#8221;3.19.6&#8243; background_color=&#8221;#ffffff&#8221; background_image=&#8221;https:\/\/cebrasilcentral.com.br\/novosite\/wp-content\/uploads\/2019\/01\/CIDOS.jpg&#8221; button_text_size__hover_enabled=&#8221;off&#8221; button_one_text_size__hover_enabled=&#8221;off&#8221; button_two_text_size__hover_enabled=&#8221;off&#8221; button_text_color__hover_enabled=&#8221;off&#8221; button_one_text_color__hover_enabled=&#8221;off&#8221; button_two_text_color__hover_enabled=&#8221;off&#8221; button_border_width__hover_enabled=&#8221;off&#8221; button_one_border_width__hover_enabled=&#8221;off&#8221; button_two_border_width__hover_enabled=&#8221;off&#8221; button_border_color__hover_enabled=&#8221;off&#8221; [&hellip;]<\/p>\n","protected":false},"author":4,"featured_media":0,"parent":0,"menu_order":0,"comment_status":"closed","ping_status":"closed","template":"","meta":{"_et_pb_use_builder":"on","_et_pb_old_content":"","footnotes":""},"class_list":["post-1363","page","type-page","status-publish","hentry"],"_links":{"self":[{"href":"https:\/\/cebrasilcentral.com.br\/novosite\/wp-json\/wp\/v2\/pages\/1363","targetHints":{"allow":["GET"]}}],"collection":[{"href":"https:\/\/cebrasilcentral.com.br\/novosite\/wp-json\/wp\/v2\/pages"}],"about":[{"href":"https:\/\/cebrasilcentral.com.br\/novosite\/wp-json\/wp\/v2\/types\/page"}],"author":[{"embeddable":true,"href":"https:\/\/cebrasilcentral.com.br\/novosite\/wp-json\/wp\/v2\/users\/4"}],"replies":[{"embeddable":true,"href":"https:\/\/cebrasilcentral.com.br\/novosite\/wp-json\/wp\/v2\/comments?post=1363"}],"version-history":[{"count":7,"href":"https:\/\/cebrasilcentral.com.br\/novosite\/wp-json\/wp\/v2\/pages\/1363\/revisions"}],"predecessor-version":[{"id":2351,"href":"https:\/\/cebrasilcentral.com.br\/novosite\/wp-json\/wp\/v2\/pages\/1363\/revisions\/2351"}],"wp:attachment":[{"href":"https:\/\/cebrasilcentral.com.br\/novosite\/wp-json\/wp\/v2\/media?parent=1363"}],"curies":[{"name":"wp","href":"https:\/\/api.w.org\/{rel}","templated":true}]}}