{"id":2,"date":"2015-05-23T19:17:27","date_gmt":"2015-05-23T19:17:27","guid":{"rendered":"http:\/\/www.f2studio.com.br\/cebrasilcentral\/?page_id=2"},"modified":"2022-09-27T16:18:38","modified_gmt":"2022-09-27T16:18:38","slug":"home-2","status":"publish","type":"page","link":"https:\/\/cebrasilcentral.com.br\/novosite\/","title":{"rendered":"P\u00e1gina Inicial"},"content":{"rendered":"<p>[et_pb_section fb_built=&#8221;1&#8243; fullwidth=&#8221;on&#8221; _builder_version=&#8221;3.29.3&#8243; hover_enabled=&#8221;0&#8243; fb_built=&#8221;1&#8243; _i=&#8221;0&#8243; _address=&#8221;0&#8243;][et_pb_fullwidth_slider _builder_version=&#8221;3.29.3&#8243; hover_enabled=&#8221;0&#8243; _i=&#8221;0&#8243; _address=&#8221;0.0&#8243;][et_pb_slide button_link=&#8221;http:\/\/siges.cebrasilcentral.com.br\/loginaluno.aspx&#8221; _builder_version=&#8221;3.29.3&#8243; background_image=&#8221;https:\/\/cebrasilcentral.com.br\/novosite\/wp-content\/uploads\/2022\/09\/BANNER-TOPO-SITE-2023-1.png&#8221; background_enable_image=&#8221;on&#8221; link_option_url=&#8221;http:\/\/siges.cebrasilcentral.com.br\/loginaluno.aspx&#8221; hover_enabled=&#8221;0&#8243; _i=&#8221;0&#8243; _address=&#8221;0.0.0&#8243;][\/et_pb_slide][et_pb_slide _builder_version=&#8221;3.29.3&#8243; background_image=&#8221;https:\/\/cebrasilcentral.com.br\/novosite\/wp-content\/uploads\/2020\/05\/BANNERTOPOSITESUPLETIVO3.png&#8221; background_enable_image=&#8221;on&#8221; link_option_url=&#8221;https:\/\/cebrasilcentral.com.br\/novosite\/?page_id=1434&#8243; _i=&#8221;1&#8243; _address=&#8221;0.0.1&#8243;][\/et_pb_slide][et_pb_slide _builder_version=&#8221;3.29.3&#8243; background_image=&#8221;https:\/\/cebrasilcentral.com.br\/novosite\/wp-content\/uploads\/2020\/05\/bannersiteead1.png&#8221; background_enable_image=&#8221;on&#8221; _i=&#8221;2&#8243; _address=&#8221;0.0.2&#8243;][\/et_pb_slide][\/et_pb_fullwidth_slider][\/et_pb_section][et_pb_section fb_built=&#8221;1&#8243; _builder_version=&#8221;3.29.3&#8243; fb_built=&#8221;1&#8243; _i=&#8221;1&#8243; _address=&#8221;1&#8243;][et_pb_row _builder_version=&#8221;3.29.3&#8243; _i=&#8221;0&#8243; _address=&#8221;1.0&#8243;][et_pb_column type=&#8221;4_4&#8243; _builder_version=&#8221;3.29.3&#8243; _i=&#8221;0&#8243; _address=&#8221;1.0.0&#8243;][et_pb_image src=&#8221;https:\/\/cebrasilcentral.com.br\/novosite\/wp-content\/uploads\/2020\/01\/LivroFacil.jpeg&#8221; url=&#8221;http:\/\/www.livrofacil.net\/&#8221; url_new_window=&#8221;on&#8221; show_bottom_space=&#8221;off&#8221; _builder_version=&#8221;3.29.3&#8243; custom_margin=&#8221;-45px||||false|false&#8221; _i=&#8221;0&#8243; _address=&#8221;1.0.0.0&#8243;][\/et_pb_image][\/et_pb_column][\/et_pb_row][\/et_pb_section][et_pb_section fb_built=&#8221;1&#8243; _builder_version=&#8221;3.22&#8243; background_color=&#8221;#ffffff&#8221; custom_padding=&#8221;4px|0px|37px|0px&#8221; transparent_background=&#8221;off&#8221; fb_built=&#8221;1&#8243; _i=&#8221;2&#8243; _address=&#8221;2&#8243;][et_pb_row _builder_version=&#8221;3.25&#8243; background_size=&#8221;initial&#8221; background_position=&#8221;top_left&#8221; background_repeat=&#8221;repeat&#8221; custom_padding=&#8221;67px|0px|32px|0px&#8221; _i=&#8221;0&#8243; _address=&#8221;2.0&#8243;][et_pb_column type=&#8221;4_4&#8243; _builder_version=&#8221;3.25&#8243; custom_padding=&#8221;|||&#8221; _i=&#8221;0&#8243; _address=&#8221;2.0.0&#8243; custom_padding__hover=&#8221;|||&#8221;][et_pb_text admin_label=&#8221;Text&#8221; _builder_version=&#8221;3.27.4&#8243; background_size=&#8221;initial&#8221; background_position=&#8221;top_left&#8221; background_repeat=&#8221;repeat&#8221; _i=&#8221;0&#8243; _address=&#8221;2.0.0.0&#8243;]<\/p>\n<p style=\"text-align: center;\"><span style=\"font-size: medium;\">Sendo uma institui\u00e7\u00e3o que se caracteriza pela educa\u00e7\u00e3o no seu sentido amplo: acad\u00eamico, cultural, humano, l\u00fadico e interpessoal, o\u00a0<strong>Centro Educacional\u00a0Brasil Central\u00a0<\/strong>demanda de uma proposta pedag\u00f3gica que leve o aluno \u00e0 responsabilidade, percep\u00e7\u00e3o do pr\u00f3prio poder de transforma\u00e7\u00e3o, ao autoconhecimento, compreens\u00e3o da\u00a0 realidade, respeito \u00e0 diversidade e a se identificar como ser social e hist\u00f3rico.<\/span><\/p>\n<p>[\/et_pb_text][\/et_pb_column][\/et_pb_row][et_pb_row column_structure=&#8221;1_4,1_4,1_4,1_4&#8243; custom_padding_last_edited=&#8221;on|desktop&#8221; _builder_version=&#8221;3.25&#8243; background_size=&#8221;initial&#8221; _i=&#8221;1&#8243; _address=&#8221;2.1&#8243;][et_pb_column type=&#8221;1_4&#8243; _builder_version=&#8221;3.25&#8243; custom_padding=&#8221;|||&#8221; _i=&#8221;0&#8243; _address=&#8221;2.1.0&#8243; custom_padding__hover=&#8221;|||&#8221;][et_pb_image src=&#8221;https:\/\/cebrasilcentral.com.br\/novosite\/wp-content\/uploads\/2019\/10\/periodo_.jpg&#8221; url=&#8221;https:\/\/cebrasilcentral.com.br\/novosite\/?page_id=314&#8243; align_tablet=&#8221;center&#8221; align_last_edited=&#8221;on|desktop&#8221; _builder_version=&#8221;3.29.3&#8243; box_shadow_style=&#8221;preset3&#8243; _i=&#8221;0&#8243; _address=&#8221;2.1.0.0&#8243;][\/et_pb_image][et_pb_image align_tablet=&#8221;center&#8221; align_last_edited=&#8221;on|desktop&#8221; _builder_version=&#8221;3.23&#8243; _i=&#8221;1&#8243; _address=&#8221;2.1.0.1&#8243;][\/et_pb_image][\/et_pb_column][et_pb_column type=&#8221;1_4&#8243; _builder_version=&#8221;3.25&#8243; custom_padding=&#8221;|||&#8221; _i=&#8221;1&#8243; _address=&#8221;2.1.1&#8243; custom_padding__hover=&#8221;|||&#8221;][et_pb_image src=&#8221;https:\/\/cebrasilcentral.com.br\/novosite\/wp-content\/uploads\/2019\/10\/infantil_.jpg&#8221; url=&#8221;https:\/\/cebrasilcentral.com.br\/novosite\/?page_id=302&#8243; align_tablet=&#8221;center&#8221; align_last_edited=&#8221;on|desktop&#8221; _builder_version=&#8221;3.29.3&#8243; box_shadow_style=&#8221;preset3&#8243; _i=&#8221;0&#8243; _address=&#8221;2.1.1.0&#8243;][\/et_pb_image][\/et_pb_column][et_pb_column type=&#8221;1_4&#8243; _builder_version=&#8221;3.25&#8243; custom_padding=&#8221;|||&#8221; _i=&#8221;2&#8243; _address=&#8221;2.1.2&#8243; custom_padding__hover=&#8221;|||&#8221;][et_pb_image src=&#8221;https:\/\/cebrasilcentral.com.br\/novosite\/wp-content\/uploads\/2019\/10\/ensino_fundamental_.jpg&#8221; url=&#8221;https:\/\/cebrasilcentral.com.br\/novosite\/?page_id=306&#8243; align_tablet=&#8221;center&#8221; align_last_edited=&#8221;on|desktop&#8221; _builder_version=&#8221;3.29.3&#8243; box_shadow_style=&#8221;preset3&#8243; _i=&#8221;0&#8243; _address=&#8221;2.1.2.0&#8243;][\/et_pb_image][\/et_pb_column][et_pb_column type=&#8221;1_4&#8243; _builder_version=&#8221;3.25&#8243; custom_padding=&#8221;|||&#8221; _i=&#8221;3&#8243; _address=&#8221;2.1.3&#8243; custom_padding__hover=&#8221;|||&#8221;][et_pb_image src=&#8221;https:\/\/cebrasilcentral.com.br\/novosite\/wp-content\/uploads\/2019\/10\/ensino_medio_.jpg&#8221; url=&#8221;https:\/\/cebrasilcentral.com.br\/novosite\/?page_id=310&#8243; align_tablet=&#8221;center&#8221; align_last_edited=&#8221;on|desktop&#8221; _builder_version=&#8221;3.29.3&#8243; box_shadow_style=&#8221;preset3&#8243; _i=&#8221;0&#8243; _address=&#8221;2.1.3.0&#8243;][\/et_pb_image][\/et_pb_column][\/et_pb_row][\/et_pb_section][et_pb_section fb_built=&#8221;1&#8243; _builder_version=&#8221;3.22&#8243; background_color=&#8221;#2a66dd&#8221; fb_built=&#8221;1&#8243; _i=&#8221;3&#8243; _address=&#8221;3&#8243;][et_pb_row _builder_version=&#8221;3.25&#8243; _i=&#8221;0&#8243; _address=&#8221;3.0&#8243;][et_pb_column type=&#8221;4_4&#8243; _builder_version=&#8221;3.25&#8243; custom_padding=&#8221;|||&#8221; _i=&#8221;0&#8243; _address=&#8221;3.0.0&#8243; custom_padding__hover=&#8221;|||&#8221;][et_pb_text _builder_version=&#8221;3.27.4&#8243; _i=&#8221;0&#8243; _address=&#8221;3.0.0.0&#8243;]<\/p>\n<h1 style=\"text-align: center;\"><strong><span style=\"color: #ffffff;\">DEPOIMENTOS<\/span><\/strong><\/h1>\n<p>[\/et_pb_text][\/et_pb_column][\/et_pb_row][et_pb_row column_structure=&#8221;1_2,1_2&#8243; _builder_version=&#8221;3.25&#8243; custom_padding=&#8221;27px|0px|54px|0px&#8221; _i=&#8221;1&#8243; _address=&#8221;3.1&#8243;][et_pb_column type=&#8221;1_2&#8243; _builder_version=&#8221;3.25&#8243; custom_padding=&#8221;|||&#8221; _i=&#8221;0&#8243; _address=&#8221;3.1.0&#8243; custom_padding__hover=&#8221;|||&#8221;][et_pb_image src=&#8221;https:\/\/cebrasilcentral.com.br\/novosite\/wp-content\/uploads\/2019\/01\/dep_01.png&#8221; align_tablet=&#8221;center&#8221; align_last_edited=&#8221;on|desktop&#8221; _builder_version=&#8221;3.23&#8243; _i=&#8221;0&#8243; _address=&#8221;3.1.0.0&#8243;][\/et_pb_image][\/et_pb_column][et_pb_column type=&#8221;1_2&#8243; _builder_version=&#8221;3.25&#8243; custom_padding=&#8221;|||&#8221; _i=&#8221;1&#8243; _address=&#8221;3.1.1&#8243; custom_padding__hover=&#8221;|||&#8221;][et_pb_image src=&#8221;https:\/\/cebrasilcentral.com.br\/novosite\/wp-content\/uploads\/2019\/01\/dep_02.png&#8221; align_tablet=&#8221;center&#8221; align_last_edited=&#8221;on|desktop&#8221; _builder_version=&#8221;3.23&#8243; _i=&#8221;0&#8243; _address=&#8221;3.1.1.0&#8243;][\/et_pb_image][\/et_pb_column][\/et_pb_row][\/et_pb_section][et_pb_section fb_built=&#8221;1&#8243; _builder_version=&#8221;3.22&#8243; background_color=&#8221;#ffffff&#8221; custom_padding=&#8221;4px|0px|37px|0px&#8221; transparent_background=&#8221;off&#8221; fb_built=&#8221;1&#8243; _i=&#8221;4&#8243; _address=&#8221;4&#8243;][et_pb_row _builder_version=&#8221;3.25&#8243; background_size=&#8221;initial&#8221; background_position=&#8221;top_left&#8221; background_repeat=&#8221;repeat&#8221; custom_padding=&#8221;55px|0px|27px|0px|false|false&#8221; _i=&#8221;0&#8243; _address=&#8221;4.0&#8243;][et_pb_column type=&#8221;4_4&#8243; _builder_version=&#8221;3.25&#8243; custom_padding=&#8221;|||&#8221; _i=&#8221;0&#8243; _address=&#8221;4.0.0&#8243; custom_padding__hover=&#8221;|||&#8221;][et_pb_text _builder_version=&#8221;3.27.4&#8243; _i=&#8221;0&#8243; _address=&#8221;4.0.0.0&#8243;]<\/p>\n<h1 style=\"text-align: center;\"><span style=\"color: #000000;\"><strong>CONHE\u00c7A NOSSOS PROJETOS<\/strong><\/span><\/h1>\n<p>[\/et_pb_text][\/et_pb_column][\/et_pb_row][et_pb_row column_structure=&#8221;1_6,1_6,1_6,1_6,1_6,1_6&#8243; _builder_version=&#8221;3.25&#8243; _i=&#8221;1&#8243; _address=&#8221;4.1&#8243;][et_pb_column type=&#8221;1_6&#8243; _builder_version=&#8221;3.25&#8243; custom_padding=&#8221;|||&#8221; _i=&#8221;0&#8243; _address=&#8221;4.1.0&#8243; custom_padding__hover=&#8221;|||&#8221;][et_pb_image src=&#8221;https:\/\/cebrasilcentral.com.br\/novosite\/wp-content\/uploads\/2019\/01\/Volta_as_aulas.png&#8221; align_tablet=&#8221;center&#8221; align_last_edited=&#8221;on|desktop&#8221; _builder_version=&#8221;3.23&#8243; _i=&#8221;0&#8243; _address=&#8221;4.1.0.0&#8243;][\/et_pb_image][\/et_pb_column][et_pb_column type=&#8221;1_6&#8243; _builder_version=&#8221;3.25&#8243; custom_padding=&#8221;|||&#8221; _i=&#8221;1&#8243; _address=&#8221;4.1.1&#8243; custom_padding__hover=&#8221;|||&#8221;][et_pb_image src=&#8221;https:\/\/cebrasilcentral.com.br\/novosite\/wp-content\/uploads\/2019\/01\/Carnaval_na-Escola.png&#8221; align_tablet=&#8221;center&#8221; align_last_edited=&#8221;on|desktop&#8221; _builder_version=&#8221;3.23&#8243; _i=&#8221;0&#8243; _address=&#8221;4.1.1.0&#8243;][\/et_pb_image][\/et_pb_column][et_pb_column type=&#8221;1_6&#8243; _builder_version=&#8221;3.25&#8243; custom_padding=&#8221;|||&#8221; _i=&#8221;2&#8243; _address=&#8221;4.1.2&#8243; custom_padding__hover=&#8221;|||&#8221;][et_pb_image src=&#8221;https:\/\/cebrasilcentral.com.br\/novosite\/wp-content\/uploads\/2019\/01\/intervalo-Cultural.png&#8221; align_tablet=&#8221;center&#8221; align_last_edited=&#8221;on|desktop&#8221; _builder_version=&#8221;3.23&#8243; _i=&#8221;0&#8243; _address=&#8221;4.1.2.0&#8243;][\/et_pb_image][\/et_pb_column][et_pb_column type=&#8221;1_6&#8243; _builder_version=&#8221;3.25&#8243; custom_padding=&#8221;|||&#8221; _i=&#8221;3&#8243; _address=&#8221;4.1.3&#8243; custom_padding__hover=&#8221;|||&#8221;][et_pb_image src=&#8221;https:\/\/cebrasilcentral.com.br\/novosite\/wp-content\/uploads\/2019\/01\/escola-bilingue.png&#8221; align_tablet=&#8221;center&#8221; align_last_edited=&#8221;on|desktop&#8221; _builder_version=&#8221;3.23&#8243; _i=&#8221;0&#8243; _address=&#8221;4.1.3.0&#8243;][\/et_pb_image][\/et_pb_column][et_pb_column type=&#8221;1_6&#8243; _builder_version=&#8221;3.25&#8243; custom_padding=&#8221;|||&#8221; _i=&#8221;4&#8243; _address=&#8221;4.1.4&#8243; custom_padding__hover=&#8221;|||&#8221;][et_pb_image src=&#8221;https:\/\/cebrasilcentral.com.br\/novosite\/wp-content\/uploads\/2019\/01\/festa.png&#8221; align_tablet=&#8221;center&#8221; align_last_edited=&#8221;on|desktop&#8221; _builder_version=&#8221;3.23&#8243; _i=&#8221;0&#8243; _address=&#8221;4.1.4.0&#8243;][\/et_pb_image][\/et_pb_column][et_pb_column type=&#8221;1_6&#8243; _builder_version=&#8221;3.25&#8243; custom_padding=&#8221;|||&#8221; _i=&#8221;5&#8243; _address=&#8221;4.1.5&#8243; custom_padding__hover=&#8221;|||&#8221;][et_pb_image src=&#8221;https:\/\/cebrasilcentral.com.br\/novosite\/wp-content\/uploads\/2019\/01\/olimpiadas.png&#8221; align_tablet=&#8221;center&#8221; align_last_edited=&#8221;on|desktop&#8221; _builder_version=&#8221;3.23&#8243; _i=&#8221;0&#8243; _address=&#8221;4.1.5.0&#8243;][\/et_pb_image][\/et_pb_column][\/et_pb_row][et_pb_row column_structure=&#8221;1_6,1_6,1_6,1_6,1_6,1_6&#8243; _builder_version=&#8221;3.25&#8243; _i=&#8221;2&#8243; _address=&#8221;4.2&#8243;][et_pb_column type=&#8221;1_6&#8243; _builder_version=&#8221;3.25&#8243; custom_padding=&#8221;|||&#8221; _i=&#8221;0&#8243; _address=&#8221;4.2.0&#8243; custom_padding__hover=&#8221;|||&#8221;][et_pb_image src=&#8221;https:\/\/cebrasilcentral.com.br\/novosite\/wp-content\/uploads\/2019\/01\/fashion-1.png&#8221; align_tablet=&#8221;center&#8221; align_last_edited=&#8221;on|desktop&#8221; _builder_version=&#8221;3.23&#8243; _i=&#8221;0&#8243; _address=&#8221;4.2.0.0&#8243;][\/et_pb_image][\/et_pb_column][et_pb_column type=&#8221;1_6&#8243; _builder_version=&#8221;3.25&#8243; custom_padding=&#8221;|||&#8221; _i=&#8221;1&#8243; _address=&#8221;4.2.1&#8243; custom_padding__hover=&#8221;|||&#8221;][et_pb_image src=&#8221;https:\/\/cebrasilcentral.com.br\/novosite\/wp-content\/uploads\/2019\/01\/profissoes.png&#8221; align_tablet=&#8221;center&#8221; align_last_edited=&#8221;on|desktop&#8221; _builder_version=&#8221;3.23&#8243; _i=&#8221;0&#8243; _address=&#8221;4.2.1.0&#8243;][\/et_pb_image][\/et_pb_column][et_pb_column type=&#8221;1_6&#8243; _builder_version=&#8221;3.25&#8243; custom_padding=&#8221;|||&#8221; _i=&#8221;2&#8243; _address=&#8221;4.2.2&#8243; custom_padding__hover=&#8221;|||&#8221;][et_pb_image src=&#8221;https:\/\/cebrasilcentral.com.br\/novosite\/wp-content\/uploads\/2019\/01\/amizaden.png&#8221; align_tablet=&#8221;center&#8221; align_last_edited=&#8221;on|desktop&#8221; _builder_version=&#8221;3.23&#8243; _i=&#8221;0&#8243; _address=&#8221;4.2.2.0&#8243;][\/et_pb_image][\/et_pb_column][et_pb_column type=&#8221;1_6&#8243; _builder_version=&#8221;3.25&#8243; custom_padding=&#8221;|||&#8221; _i=&#8221;3&#8243; _address=&#8221;4.2.3&#8243; custom_padding__hover=&#8221;|||&#8221;][et_pb_image src=&#8221;https:\/\/cebrasilcentral.com.br\/novosite\/wp-content\/uploads\/2019\/01\/festival.png&#8221; align_tablet=&#8221;center&#8221; align_last_edited=&#8221;on|desktop&#8221; _builder_version=&#8221;3.23&#8243; _i=&#8221;0&#8243; _address=&#8221;4.2.3.0&#8243;][\/et_pb_image][\/et_pb_column][et_pb_column type=&#8221;1_6&#8243; _builder_version=&#8221;3.25&#8243; custom_padding=&#8221;|||&#8221; _i=&#8221;4&#8243; _address=&#8221;4.2.4&#8243; custom_padding__hover=&#8221;|||&#8221;][et_pb_image src=&#8221;https:\/\/cebrasilcentral.com.br\/novosite\/wp-content\/uploads\/2019\/01\/teatro.png&#8221; align_tablet=&#8221;center&#8221; align_last_edited=&#8221;on|desktop&#8221; _builder_version=&#8221;3.23&#8243; _i=&#8221;0&#8243; _address=&#8221;4.2.4.0&#8243;][\/et_pb_image][\/et_pb_column][et_pb_column type=&#8221;1_6&#8243; _builder_version=&#8221;3.25&#8243; custom_padding=&#8221;|||&#8221; _i=&#8221;5&#8243; _address=&#8221;4.2.5&#8243; custom_padding__hover=&#8221;|||&#8221;][\/et_pb_column][\/et_pb_row][\/et_pb_section][et_pb_section fb_built=&#8221;1&#8243; _builder_version=&#8221;3.22&#8243; background_color=&#8221;#b2b2b2&#8243; background_image=&#8221;https:\/\/cebrasilcentral.com.br\/novosite\/wp-content\/uploads\/2015\/05\/Fundo.png&#8221; transparent_background=&#8221;off&#8221; fb_built=&#8221;1&#8243; _i=&#8221;5&#8243; _address=&#8221;5&#8243;][et_pb_row column_structure=&#8221;1_3,1_3,1_3&#8243; _builder_version=&#8221;3.25&#8243; background_size=&#8221;initial&#8221; background_position=&#8221;top_left&#8221; background_repeat=&#8221;repeat&#8221; custom_padding=&#8221;25px|0px|0px|0px&#8221; _i=&#8221;0&#8243; _address=&#8221;5.0&#8243;][et_pb_column type=&#8221;1_3&#8243; _builder_version=&#8221;3.25&#8243; custom_padding=&#8221;|||&#8221; _i=&#8221;0&#8243; _address=&#8221;5.0.0&#8243; custom_padding__hover=&#8221;|||&#8221;][et_pb_text admin_label=&#8221;Text&#8221; _builder_version=&#8221;3.27.4&#8243; background_size=&#8221;initial&#8221; background_position=&#8221;top_left&#8221; background_repeat=&#8221;repeat&#8221; text_orientation=&#8221;right&#8221; background_layout=&#8221;dark&#8221; _i=&#8221;0&#8243; _address=&#8221;5.0.0.0&#8243;]<\/p>\n<p style=\"text-align: left;\"><strong>Precisa tirar d\u00favidas e obter informa\u00e7\u00f5es?<br \/> <\/strong>Ligue para nossa central de atendimento:<\/p>\n<p style=\"text-align: left;\">(61) 99970.7105 | 3354.0046 | 3354-6738<\/p>\n<p style=\"text-align: left;\">Segunda \u00e0 Sexta de 7h30 \u00e0s 17h<br \/> e S\u00e1bado de 8h \u00e0s 11h<\/p>\n<p style=\"text-align: left;\">contato@cebrasilcentral.com.br<\/p>\n<p style=\"text-align: left;\">QNE 24 &#8211; Lotes 6\/10 &#8211; Samdu Norte<br \/> Taguatinga &#8211; DF &#8211; CEP: 72.125-240<\/p>\n<p>[\/et_pb_text][\/et_pb_column][et_pb_column type=&#8221;1_3&#8243; _builder_version=&#8221;3.25&#8243; custom_padding=&#8221;|||&#8221; _i=&#8221;1&#8243; _address=&#8221;5.0.1&#8243; custom_padding__hover=&#8221;|||&#8221;][et_pb_blurb title=&#8221;Centro Esportivo&#8221; url=&#8221;https:\/\/cebrasilcentral.com.br\/novosite\/?page_id=256&#8243; image=&#8221;http:\/\/www.cebrasilcentral.com.br\/novosite\/wp-content\/uploads\/2015\/05\/15.png&#8221; icon_placement=&#8221;left&#8221; admin_label=&#8221;Blurb&#8221; _builder_version=&#8221;3.0.98&#8243; background_size=&#8221;initial&#8221; background_position=&#8221;top_left&#8221; background_repeat=&#8221;repeat&#8221; text_orientation=&#8221;center&#8221; background_layout=&#8221;dark&#8221; animation=&#8221;off&#8221; _i=&#8221;0&#8243; _address=&#8221;5.0.1.0&#8243;][\/et_pb_blurb][et_pb_blurb title=&#8221;Espa\u00e7o Joana D&#8217;Arc&#8221; image=&#8221;http:\/\/www.cebrasilcentral.com.br\/novosite\/wp-content\/uploads\/2015\/05\/17.png&#8221; icon_placement=&#8221;left&#8221; admin_label=&#8221;Blurb&#8221; _builder_version=&#8221;3.0.98&#8243; background_size=&#8221;initial&#8221; background_position=&#8221;top_left&#8221; background_repeat=&#8221;repeat&#8221; text_orientation=&#8221;center&#8221; background_layout=&#8221;dark&#8221; animation=&#8221;off&#8221; _i=&#8221;1&#8243; _address=&#8221;5.0.1.1&#8243;][\/et_pb_blurb][et_pb_blurb title=&#8221;Acervo Brasileirinho&#8221; url=&#8221;https:\/\/cebrasilcentral.com.br\/novosite\/?page_id=263&#8243; image=&#8221;http:\/\/www.cebrasilcentral.com.br\/novosite\/wp-content\/uploads\/2015\/05\/16.png&#8221; icon_placement=&#8221;left&#8221; admin_label=&#8221;Blurb&#8221; _builder_version=&#8221;3.0.98&#8243; background_size=&#8221;initial&#8221; background_position=&#8221;top_left&#8221; background_repeat=&#8221;repeat&#8221; text_orientation=&#8221;center&#8221; background_layout=&#8221;dark&#8221; animation=&#8221;off&#8221; _i=&#8221;2&#8243; _address=&#8221;5.0.1.2&#8243;][\/et_pb_blurb][et_pb_blurb title=&#8221;Integra\u00e7\u00e3o Cidad\u00e2nica&#8221; url=&#8221;https:\/\/cebrasilcentral.com.br\/novosite\/?page_id=269&#8243; image=&#8221;http:\/\/www.cebrasilcentral.com.br\/novosite\/wp-content\/uploads\/2015\/05\/18.png&#8221; icon_placement=&#8221;left&#8221; admin_label=&#8221;Blurb&#8221; _builder_version=&#8221;3.0.98&#8243; background_size=&#8221;initial&#8221; background_position=&#8221;top_left&#8221; background_repeat=&#8221;repeat&#8221; text_orientation=&#8221;center&#8221; background_layout=&#8221;dark&#8221; animation=&#8221;off&#8221; _i=&#8221;3&#8243; _address=&#8221;5.0.1.3&#8243;][\/et_pb_blurb][\/et_pb_column][et_pb_column type=&#8221;1_3&#8243; _builder_version=&#8221;3.25&#8243; custom_padding=&#8221;|||&#8221; _i=&#8221;2&#8243; _address=&#8221;5.0.2&#8243; custom_padding__hover=&#8221;|||&#8221;][et_pb_image src=&#8221;https:\/\/cebrasilcentral.com.br\/novosite\/wp-content\/uploads\/2019\/09\/logo_branca.png&#8221; align_tablet=&#8221;center&#8221; align_last_edited=&#8221;on|desktop&#8221; _builder_version=&#8221;3.23&#8243; _i=&#8221;0&#8243; _address=&#8221;5.0.2.0&#8243;][\/et_pb_image][\/et_pb_column][\/et_pb_row][\/et_pb_section]<\/p>\n","protected":false},"excerpt":{"rendered":"<p>[et_pb_section fb_built=&#8221;1&#8243; fullwidth=&#8221;on&#8221; _builder_version=&#8221;3.29.3&#8243; hover_enabled=&#8221;0&#8243; fb_built=&#8221;1&#8243; _i=&#8221;0&#8243; _address=&#8221;0&#8243;][et_pb_fullwidth_slider _builder_version=&#8221;3.29.3&#8243; hover_enabled=&#8221;0&#8243; _i=&#8221;0&#8243; _address=&#8221;0.0&#8243;][et_pb_slide button_link=&#8221;http:\/\/siges.cebrasilcentral.com.br\/loginaluno.aspx&#8221; _builder_version=&#8221;3.29.3&#8243; background_image=&#8221;https:\/\/cebrasilcentral.com.br\/novosite\/wp-content\/uploads\/2022\/09\/BANNER-TOPO-SITE-2023-1.png&#8221; background_enable_image=&#8221;on&#8221; link_option_url=&#8221;http:\/\/siges.cebrasilcentral.com.br\/loginaluno.aspx&#8221; hover_enabled=&#8221;0&#8243; _i=&#8221;0&#8243; _address=&#8221;0.0.0&#8243;][\/et_pb_slide][et_pb_slide _builder_version=&#8221;3.29.3&#8243; background_image=&#8221;https:\/\/cebrasilcentral.com.br\/novosite\/wp-content\/uploads\/2020\/05\/BANNERTOPOSITESUPLETIVO3.png&#8221; background_enable_image=&#8221;on&#8221; link_option_url=&#8221;https:\/\/cebrasilcentral.com.br\/novosite\/?page_id=1434&#8243; _i=&#8221;1&#8243; _address=&#8221;0.0.1&#8243;][\/et_pb_slide][et_pb_slide _builder_version=&#8221;3.29.3&#8243; background_image=&#8221;https:\/\/cebrasilcentral.com.br\/novosite\/wp-content\/uploads\/2020\/05\/bannersiteead1.png&#8221; background_enable_image=&#8221;on&#8221; _i=&#8221;2&#8243; _address=&#8221;0.0.2&#8243;][\/et_pb_slide][\/et_pb_fullwidth_slider][\/et_pb_section][et_pb_section fb_built=&#8221;1&#8243; _builder_version=&#8221;3.29.3&#8243; fb_built=&#8221;1&#8243; _i=&#8221;1&#8243; _address=&#8221;1&#8243;][et_pb_row _builder_version=&#8221;3.29.3&#8243; _i=&#8221;0&#8243; _address=&#8221;1.0&#8243;][et_pb_column type=&#8221;4_4&#8243; _builder_version=&#8221;3.29.3&#8243; _i=&#8221;0&#8243; _address=&#8221;1.0.0&#8243;][et_pb_image src=&#8221;https:\/\/cebrasilcentral.com.br\/novosite\/wp-content\/uploads\/2020\/01\/LivroFacil.jpeg&#8221; url=&#8221;http:\/\/www.livrofacil.net\/&#8221; url_new_window=&#8221;on&#8221; show_bottom_space=&#8221;off&#8221; _builder_version=&#8221;3.29.3&#8243; custom_margin=&#8221;-45px||||false|false&#8221; _i=&#8221;0&#8243; _address=&#8221;1.0.0.0&#8243;][\/et_pb_image][\/et_pb_column][\/et_pb_row][\/et_pb_section][et_pb_section fb_built=&#8221;1&#8243; _builder_version=&#8221;3.22&#8243; background_color=&#8221;#ffffff&#8221; custom_padding=&#8221;4px|0px|37px|0px&#8221; [&hellip;]<\/p>\n","protected":false},"author":4,"featured_media":0,"parent":0,"menu_order":0,"comment_status":"open","ping_status":"closed","template":"","meta":{"_et_pb_use_builder":"on","_et_pb_old_content":"","footnotes":""},"class_list":["post-2","page","type-page","status-publish","hentry"],"_links":{"self":[{"href":"https:\/\/cebrasilcentral.com.br\/novosite\/wp-json\/wp\/v2\/pages\/2","targetHints":{"allow":["GET"]}}],"collection":[{"href":"https:\/\/cebrasilcentral.com.br\/novosite\/wp-json\/wp\/v2\/pages"}],"about":[{"href":"https:\/\/cebrasilcentral.com.br\/novosite\/wp-json\/wp\/v2\/types\/page"}],"author":[{"embeddable":true,"href":"https:\/\/cebrasilcentral.com.br\/novosite\/wp-json\/wp\/v2\/users\/4"}],"replies":[{"embeddable":true,"href":"https:\/\/cebrasilcentral.com.br\/novosite\/wp-json\/wp\/v2\/comments?post=2"}],"version-history":[{"count":105,"href":"https:\/\/cebrasilcentral.com.br\/novosite\/wp-json\/wp\/v2\/pages\/2\/revisions"}],"predecessor-version":[{"id":2388,"href":"https:\/\/cebrasilcentral.com.br\/novosite\/wp-json\/wp\/v2\/pages\/2\/revisions\/2388"}],"wp:attachment":[{"href":"https:\/\/cebrasilcentral.com.br\/novosite\/wp-json\/wp\/v2\/media?parent=2"}],"curies":[{"name":"wp","href":"https:\/\/api.w.org\/{rel}","templated":true}]}}