{"id":256,"date":"2015-05-24T19:15:22","date_gmt":"2015-05-24T19:15:22","guid":{"rendered":"http:\/\/www.f2studio.com.br\/cebrasilcentral\/?page_id=256"},"modified":"2015-11-06T03:37:30","modified_gmt":"2015-11-06T03:37:30","slug":"centro-desportivo","status":"publish","type":"page","link":"https:\/\/cebrasilcentral.com.br\/novosite\/centro-desportivo\/","title":{"rendered":"CENTRO ESPORTIVO"},"content":{"rendered":"<p>[et_pb_section][et_pb_row][et_pb_column type=&#8221;4_4&#8243;][et_pb_text admin_label=&#8221;Text&#8221; background_layout=&#8221;light&#8221; text_orientation=&#8221;left&#8221;]<\/p>\n<div>\n<p>O\u00a0<strong>Col\u00e9gio Brasil Central<\/strong>\u00a0conta com o maior\u00a0<strong>Centro Desportivo do DF<\/strong>, futuro campus universit\u00e1rio, com Piscina Semi-Olimpica, Piscina Infantil, Playground, Campo de Futebol, Quadra poliesportiva, Sal\u00e3o de Festas e \u00e1rea de lazer completa.\u00a0 Durante a semana \u00e9 oferecido aos nossos alunos e para popula\u00e7\u00e3o atividades esportivas de futebol society, nata\u00e7\u00e3o, hidrogin\u00e1stica com professores altamente qualificados que acompanham os alunos os durante todas as atividades. Matr\u00edculas Abertas<\/p>\n<\/div>\n<div><strong>Esporte<br \/>\n<\/strong>O Centro Educacional Brasil Central agora conta com uma escola de esportes. Com as modalidades:\u00a0Futsal, Basquete, Volei, Nata\u00e7\u00e3o e Hidrogin\u00e1stica.<\/div>\n<div>\n<p><strong>Matricule-se J\u00e1!<\/strong><\/p>\n<p><strong>Lazer <\/strong><br \/>\nNossos alunos e convidados entram no clima da divers\u00e3o com as diversas atividades oferecidas.<\/p>\n<p><strong>Espa\u00e7o Joana D\u2019arc<\/strong><br \/>\nConhe\u00e7a o espa\u00e7o para eventos constru\u00eddo dentro do Centro Desportivo com grande estrutura de ilumina\u00e7\u00e3o, som e imagem.<\/p>\n<p><strong>Alunos<\/strong><br \/>\nOs alunos desfrutam de toda a \u00e1rea do\u00a0Centro Desportivo, durante\u00a0todo o ano letivo, juntamente\u00a0com os nossos profissionais.<\/p>\n<p>&nbsp;<\/p>\n<\/div>\n<h2><strong>O Maior Centro Desportivo da Regi\u00e3o<\/strong><\/h2>\n<div>O \u00fanico col\u00e9gio da regi\u00e3o que possui e disp\u00f5e aos alunos omelhor e maior Centro Desportivo para pratica e ensino dev\u00e1rios esportes, disponibilizamos de:<\/div>\n<div>Quadras Poliesportivas, Piscina Ol\u00edmpica, Museu, Campo de Futebol, Playground, Sal\u00e3o de Festas, Sal\u00e3o de Jogos, Sauna, Vesti\u00e1rio, Lanchonete.<\/div>\n<div>Contudo isso possu\u00edmos uma Estrutura Moderna, al\u00e9m deProgramas de assist\u00eancia estudantil de qualidade, Laborat\u00f3rio de Ci\u00eancias de Artes e Audit\u00f3rio!<\/div>\n<p>Venha e fa\u00e7a-nos uma visita e conhe\u00e7a toda nossa estrutura!<\/p>\n<p>&nbsp;<\/p>\n<div><em><strong>Dire\u00e7\u00e3o<\/strong><\/em><\/div>\n<div>Joana D\u2019arc Fradique Guiotti<\/div>\n<div><\/div>\n<div>\n<p>O Col\u00e9gio Brasil Central conta com um Centro Esportivo: Piscina semi ol\u00edmpica, piscina infantil, playground, campo de futebol, quadra poli esportiva, sal\u00e3o de festas, \u00e1rea de lazer completa, mini zool\u00f3gico e muito verde.<\/p>\n<p>Durante a semana \u00e9 oferecido aos nossos alunos e para a comunidade atividades esportivas de futebol society, nata\u00e7\u00e3o, hidrogin\u00e1stica com professores altamente qualificados que acompanham os alunos durante todas as atividades.<\/p>\n<p>Matr\u00edculas Abertas<\/p>\n<p>Rua 10-A ch\u00e1cara 121 lotes20 a28.<\/p>\n<p>CEP: 72.007-150<\/p>\n<\/div>\n<p>[\/et_pb_text][\/et_pb_column][\/et_pb_row][\/et_pb_section]<\/p>\n","protected":false},"excerpt":{"rendered":"<p>[et_pb_section][et_pb_row][et_pb_column type=&#8221;4_4&#8243;][et_pb_text admin_label=&#8221;Text&#8221; background_layout=&#8221;light&#8221; text_orientation=&#8221;left&#8221;] O\u00a0Col\u00e9gio Brasil Central\u00a0conta com o maior\u00a0Centro Desportivo do DF, futuro campus universit\u00e1rio, com Piscina Semi-Olimpica, Piscina Infantil, Playground, Campo de Futebol, Quadra poliesportiva, Sal\u00e3o de Festas e \u00e1rea de lazer completa.\u00a0 Durante a semana \u00e9 oferecido aos nossos alunos e para popula\u00e7\u00e3o atividades esportivas de futebol society, nata\u00e7\u00e3o, hidrogin\u00e1stica com [&hellip;]<\/p>\n","protected":false},"author":4,"featured_media":0,"parent":0,"menu_order":0,"comment_status":"open","ping_status":"closed","template":"","meta":{"_et_pb_use_builder":"on","_et_pb_old_content":"<div><p>O\u00a0<strong>Col\u00e9gio Brasil Central<\/strong>\u00a0conta com o maior\u00a0<strong>Centro Desportivo do DF<\/strong>, futuro campus universit\u00e1rio, com Piscina Semi-Olimpica, Piscina Infantil, Playground, Campo de Futebol, Quadra poliesportiva, Sal\u00e3o de Festas e \u00e1rea de lazer completa.\u00a0 Durante a semana \u00e9 oferecido aos nossos alunos e para popula\u00e7\u00e3o atividades esportivas de futebol society, nata\u00e7\u00e3o, hidrogin\u00e1stica com professores altamente qualificados que acompanham os alunos os durante todas as atividades. Matr\u00edculas Abertas<\/p><\/div><div><strong>Esporte<br \/> <\/strong>O Centro Educacional Brasil Central agora conta com uma escola de esportes. Com as modalidades:\u00a0Futsal, Basquete, Volei, Nata\u00e7\u00e3o e Hidrogin\u00e1stica.<\/div><div><p><strong>Matricule-se J\u00e1!<\/strong><\/p><p><strong>Lazer <\/strong><br \/> Nossos alunos e convidados entram no clima da divers\u00e3o com as diversas atividades oferecidas.<\/p><p><strong>Espa\u00e7o Joana D\u2019arc<\/strong><br \/> Conhe\u00e7a o espa\u00e7o para eventos constru\u00eddo dentro do Centro Desportivo com grande estrutura de ilumina\u00e7\u00e3o, som e imagem.<\/p><p><strong>Alunos<\/strong><br \/> Os alunos desfrutam de toda a \u00e1rea do\u00a0Centro Desportivo, durante\u00a0todo o ano letivo, juntamente\u00a0com os nossos profissionais.<\/p><\/div>","footnotes":""},"class_list":["post-256","page","type-page","status-publish","hentry"],"_links":{"self":[{"href":"https:\/\/cebrasilcentral.com.br\/novosite\/wp-json\/wp\/v2\/pages\/256","targetHints":{"allow":["GET"]}}],"collection":[{"href":"https:\/\/cebrasilcentral.com.br\/novosite\/wp-json\/wp\/v2\/pages"}],"about":[{"href":"https:\/\/cebrasilcentral.com.br\/novosite\/wp-json\/wp\/v2\/types\/page"}],"author":[{"embeddable":true,"href":"https:\/\/cebrasilcentral.com.br\/novosite\/wp-json\/wp\/v2\/users\/4"}],"replies":[{"embeddable":true,"href":"https:\/\/cebrasilcentral.com.br\/novosite\/wp-json\/wp\/v2\/comments?post=256"}],"version-history":[{"count":5,"href":"https:\/\/cebrasilcentral.com.br\/novosite\/wp-json\/wp\/v2\/pages\/256\/revisions"}],"predecessor-version":[{"id":932,"href":"https:\/\/cebrasilcentral.com.br\/novosite\/wp-json\/wp\/v2\/pages\/256\/revisions\/932"}],"wp:attachment":[{"href":"https:\/\/cebrasilcentral.com.br\/novosite\/wp-json\/wp\/v2\/media?parent=256"}],"curies":[{"name":"wp","href":"https:\/\/api.w.org\/{rel}","templated":true}]}}