{"id":302,"date":"2015-05-25T00:27:15","date_gmt":"2015-05-25T00:27:15","guid":{"rendered":"http:\/\/www.f2studio.com.br\/cebrasilcentral\/?page_id=302"},"modified":"2019-01-16T19:13:59","modified_gmt":"2019-01-16T19:13:59","slug":"educacao-infantil-2","status":"publish","type":"page","link":"https:\/\/cebrasilcentral.com.br\/novosite\/educacao-infantil-2\/","title":{"rendered":"EDUCA\u00c7\u00c3O INFANTIL"},"content":{"rendered":"<p>[et_pb_section fb_built=&#8221;1&#8243; fullwidth=&#8221;on&#8221; _builder_version=&#8221;3.0.98&#8243; background_image=&#8221;https:\/\/cebrasilcentral.com.br\/novosite\/wp-content\/uploads\/2019\/01\/1577.jpg&#8221; custom_padding=&#8221;500px|||&#8221;][\/et_pb_section][et_pb_section fb_built=&#8221;1&#8243; background_color=&#8221;#ffffff&#8221; _builder_version=&#8221;3.0.47&#8243; transparent_background=&#8221;off&#8221;][et_pb_row _builder_version=&#8221;3.0.47&#8243; background_size=&#8221;initial&#8221; background_position=&#8221;top_left&#8221; background_repeat=&#8221;repeat&#8221;][et_pb_column type=&#8221;1_2&#8243; _builder_version=&#8221;3.0.47&#8243; parallax=&#8221;off&#8221; parallax_method=&#8221;on&#8221;][et_pb_text admin_label=&#8221;Text&#8221; _builder_version=&#8221;3.0.98&#8243; background_size=&#8221;initial&#8221; background_position=&#8221;top_left&#8221; background_repeat=&#8221;repeat&#8221;]<\/p>\n<h1>EDUCA\u00c7\u00c3O INFANTIL<\/h1>\n<p style=\"text-align: justify;\">\u00c9 uma fase determinante para que a crian\u00e7a adquira o gosto pelo conhecimento e se adapte ao universo escolar.\u00a0 Ciente disso, o Centro Educacional Brasil Central trabalha da melhor forma para proporcionar o desenvolvimento integral da crian\u00e7a, atrav\u00e9s de um espa\u00e7o em que elas s\u00e3o frequentemente estimuladas a participar na constru\u00e7\u00e3o de seus conhecimentos como sujeitos da aprendizagem.<\/p>\n<p style=\"text-align: justify;\">Tentamos sempre conduzir a crian\u00e7a a descobrir e explorar todas as possibilidades do seu corpo, do espa\u00e7o, dos objetos\u00a0e\u00a0das rela\u00e7\u00f5es, desenvolvendo a sua capacidade de observar, descobrir e pensar. Para isso, instigamos a\u00a0curiosidade, fazendo com que a crian\u00e7a participe do pr\u00f3prio aprendizado atrav\u00e9s da experimenta\u00e7\u00e3o, da pesquisa em grupo, do est\u00edmulo e do desenvolvimento do racioc\u00ednio, da\u00a0Educa\u00e7\u00e3o Ambiental, Nutricional, Art\u00edstica e de Tr\u00e2nsito, do ensino de idiomas, da dan\u00e7a\/bal\u00e9, da inicia\u00e7\u00e3o esportiva e liter\u00e1ria, entre outros.<\/p>\n<p>[\/et_pb_text][et_pb_text admin_label=&#8221;Text&#8221; _builder_version=&#8221;3.0.98&#8243; background_size=&#8221;initial&#8221; background_position=&#8221;top_left&#8221; background_repeat=&#8221;repeat&#8221;]<\/p>\n<h1>METODOLOGIA DE ENSINO<\/h1>\n<p style=\"text-align: justify;\">A Educa\u00e7\u00e3o Infantil tem como objetivo dotar o aluno de compet\u00eancias e habilidades que promovam seu desenvolvimento integral nos aspectos f\u00edsico, cognitivo e social, enriquecendo-o em diferentes \u00e2mbitos de experi\u00eancias. Os alunos, a partir do Maternal, desenvolvem o grafismo, o pensamento l\u00f3gico-matem\u00e1tico e lingu\u00edstico, com jogos e experi\u00eancias desafiadoras, respeitando a etapa de cada faixa et\u00e1ria.<\/p>\n<p style=\"text-align: justify;\">\n<p>[\/et_pb_text][et_pb_divider height=&#8221;10&#8243; disabled_on=&#8221;on|on|off&#8221; admin_label=&#8221;Divider&#8221; _builder_version=&#8221;3.0.47&#8243;][\/et_pb_divider][\/et_pb_column][et_pb_column type=&#8221;1_2&#8243; _builder_version=&#8221;3.0.47&#8243; parallax=&#8221;off&#8221; parallax_method=&#8221;on&#8221;][et_pb_accordion _builder_version=&#8221;3.0.98&#8243;][et_pb_accordion_item title=&#8221;Maternal\/Pr\u00e9-escola&#8221; open=&#8221;on&#8221; _builder_version=&#8221;3.0.98&#8243; title_text_shadow_horizontal_length=&#8221;0em&#8221; title_text_shadow_vertical_length=&#8221;0em&#8221; title_text_shadow_blur_strength=&#8221;0em&#8221; body_text_shadow_horizontal_length=&#8221;0em&#8221; body_text_shadow_vertical_length=&#8221;0em&#8221; body_text_shadow_blur_strength=&#8221;0em&#8221;]<\/p>\n<p><strong>Maternal I <\/strong>&#8211; 02 anos ou a completar at\u00e9 31 de mar\u00e7o<br \/><strong>Maternal II<\/strong> &#8211; 03 anos ou a completar at\u00e9 31 de mar\u00e7o<br \/><strong>Jardim I\u00a0<\/strong><span>&#8211; 04 anos ou a completar at\u00e9 31 de mar\u00e7o<br \/><strong>Jardim II\u00a0<\/strong>&#8211; 05 anos ou a completar at\u00e9 31 de mar\u00e7o<\/span><\/p>\n<p>[\/et_pb_accordion_item][et_pb_accordion_item title=&#8221;Hor\u00e1rios&#8221; _builder_version=&#8221;3.0.98&#8243; title_text_shadow_horizontal_length=&#8221;0em&#8221; title_text_shadow_vertical_length=&#8221;0em&#8221; title_text_shadow_blur_strength=&#8221;0em&#8221; body_text_shadow_horizontal_length=&#8221;0em&#8221; body_text_shadow_vertical_length=&#8221;0em&#8221; body_text_shadow_blur_strength=&#8221;0em&#8221; open=&#8221;off&#8221;]<\/p>\n<p>Matutino: 7h30min \u00e0s 11h45min<br \/>Vespertino: 13h30min \u00e0s 17h45min<\/p>\n<p>[\/et_pb_accordion_item][et_pb_accordion_item title=&#8221;Disciplinas&#8221; _builder_version=&#8221;3.0.98&#8243; title_text_shadow_horizontal_length=&#8221;0em&#8221; title_text_shadow_vertical_length=&#8221;0em&#8221; title_text_shadow_blur_strength=&#8221;0em&#8221; body_text_shadow_horizontal_length=&#8221;0em&#8221; body_text_shadow_vertical_length=&#8221;0em&#8221; body_text_shadow_blur_strength=&#8221;0em&#8221; open=&#8221;off&#8221;]<\/p>\n<ul>\n<li>Ingl\u00eas, Bal\u00e9 e Capoeira<\/li>\n<li>Oficinas Pedag\u00f3gicas\u00a0<\/li>\n<li>Incentivo ao Esporte (Futebol, Futsal, V\u00f4lei e Queimada)<\/li>\n<li>Projetos Educacionais<\/li>\n<li>Orienta\u00e7\u00f5es Educacionais<\/li>\n<li>E muito mais<\/li>\n<\/ul>\n<p>[\/et_pb_accordion_item][et_pb_accordion_item title=&#8221;Nossos Diferenciais&#8221; _builder_version=&#8221;3.0.98&#8243; title_text_shadow_horizontal_length=&#8221;0em&#8221; title_text_shadow_vertical_length=&#8221;0em&#8221; title_text_shadow_blur_strength=&#8221;0em&#8221; body_text_shadow_horizontal_length=&#8221;0em&#8221; body_text_shadow_vertical_length=&#8221;0em&#8221; body_text_shadow_blur_strength=&#8221;0em&#8221; open=&#8221;off&#8221;]<\/p>\n<p>:: Card\u00e1pios elaborados por nutricionistas\u00a0e\u00a0oficinas peri\u00f3dicas de culin\u00e1ria em nossa cozinha experimental, onde as crian\u00e7as aprendem na pr\u00e1tica a import\u00e2ncia de uma alimenta\u00e7\u00e3o saud\u00e1vel;<\/p>\n<p> :: Programa de Incentivo ao Esporte visando preparar as crian\u00e7as para executarem determinadas habilidades por meio da descoberta do prazer de se exercitar;<\/p>\n<p> :: Ensino de higiene bucal com avalia\u00e7\u00e3o peri\u00f3dica para evitar c\u00e1ries e outros problemas dent\u00e1rios;<\/p>\n<p> :: Festa de anivers\u00e1rio sem custos adicionais para as crian\u00e7as matriculadas no per\u00edodo integral;<\/p>\n<p> :: Atendimento pedag\u00f3gico educacional exclusivo para acompanhar a rotina das crian\u00e7as\u00a0matriculadas no per\u00edodo parcial e integral.<\/p>\n<p>[\/et_pb_accordion_item][et_pb_accordion_item title=&#8221;Documenta\u00e7\u00e3o&#8221; _builder_version=&#8221;3.0.98&#8243; title_text_shadow_horizontal_length=&#8221;0em&#8221; title_text_shadow_vertical_length=&#8221;0em&#8221; title_text_shadow_blur_strength=&#8221;0em&#8221; body_text_shadow_horizontal_length=&#8221;0em&#8221; body_text_shadow_vertical_length=&#8221;0em&#8221; body_text_shadow_blur_strength=&#8221;0em&#8221; open=&#8221;off&#8221;]<\/p>\n<p><strong>Documentos exigidos para a matr\u00edcula:<\/strong><\/p>\n<p>:: Requerimento de matr\u00edcula;<br \/> :: Certid\u00e3o de Nascimento (c\u00f3pia);<br \/> :: C\u00f3pia da Carteira de Identidade e do CPF do Respons\u00e1vel, quando o aluno for menor de idade;<br \/> :: Hist\u00f3rico Escolar (original) ou Documento de Transfer\u00eancia;<br \/> :: Uma foto 3\u00d74 (recente);<br \/> :: C\u00f3pia do Comprovante de Resid\u00eancia;<br \/> :: Cart\u00e3o de Vacina (c\u00f3pia);<br \/> :: Atestado m\u00e9dico para uso da piscina.<\/p>\n<p><strong>Importante:<\/strong>\u00a0\u00c9 obrigat\u00f3ria a apresenta\u00e7\u00e3o dos documentos originais para confer\u00eancia das c\u00f3pias na matr\u00edcula.<\/p>\n<p><strong>Pr\u00e9-Requisitos:\u00a0<\/strong>A Educa\u00e7\u00e3o Infantil\u00a0\u00e9 destinada\u00a0a\u00a0crian\u00e7as de 2 a 5 anos de idade completos ou\u00a0a completar at\u00e9 31 de Mar\u00e7o.<\/p>\n<p>[\/et_pb_accordion_item][et_pb_accordion_item title=&#8221;Certifica\u00e7\u00e3o&#8221; _builder_version=&#8221;3.0.98&#8243; title_text_shadow_horizontal_length=&#8221;0em&#8221; title_text_shadow_vertical_length=&#8221;0em&#8221; title_text_shadow_blur_strength=&#8221;0em&#8221; body_text_shadow_horizontal_length=&#8221;0em&#8221; body_text_shadow_vertical_length=&#8221;0em&#8221; body_text_shadow_blur_strength=&#8221;0em&#8221; open=&#8221;off&#8221;]<\/p>\n<p>Aos estudantes que conclu\u00edrem a carga hor\u00e1ria exigida e o desenvolvimento m\u00ednimo para aprova\u00e7\u00e3o \u00e9 conferido o Certificado de Conclus\u00e3o de Curso e Hist\u00f3rico Escolar referente \u00e0 Educa\u00e7\u00e3o Infantil.<\/p>\n<p>[\/et_pb_accordion_item][\/et_pb_accordion][\/et_pb_column][\/et_pb_row][et_pb_row _builder_version=&#8221;3.0.98&#8243;][et_pb_column type=&#8221;1_2&#8243; _builder_version=&#8221;3.0.98&#8243; parallax=&#8221;off&#8221; parallax_method=&#8221;on&#8221;][et_pb_image src=&#8221;https:\/\/cebrasilcentral.com.br\/novosite\/wp-content\/uploads\/2019\/01\/1.jpg&#8221; _builder_version=&#8221;3.0.98&#8243;][\/et_pb_image][\/et_pb_column][et_pb_column type=&#8221;1_2&#8243; _builder_version=&#8221;3.0.98&#8243; parallax=&#8221;off&#8221; parallax_method=&#8221;on&#8221;][et_pb_text admin_label=&#8221;Text&#8221; _builder_version=&#8221;3.0.98&#8243; background_size=&#8221;initial&#8221; background_position=&#8221;top_left&#8221; background_repeat=&#8221;repeat&#8221;]<\/p>\n<p style=\"text-align: justify;\">A\u00a0Educa\u00e7\u00e3o Infantil \u00e9 oferecida\u00a0em <strong>per\u00edodo parcial ou integral<\/strong>, conforme a necessidade da fam\u00edlia. No per\u00edodo da manh\u00e3 s\u00e3o desenvolvidas\u00a0as atividades curriculares, dentro da modalidade de ensino conforme a\u00a0idade da crian\u00e7a, e no turno da tarde as\u00a0atividades l\u00fadicas, esportivas e de assist\u00eancia nas tarefas de casa, quando for o caso. Tudo com muito afeto, carinho, respeito, ternura e amor para o pleno desenvolvimento de uma crian\u00e7a saud\u00e1vel e feliz.<\/p>\n<p style=\"text-align: justify;\">Al\u00e9m disso, os alunos do Centro Educacional Brasil Central contam com uma variada programa\u00e7\u00e3o recreativa, cultural, c\u00edvica e de consci\u00eancia ambiental, sendo alguns desses eventos abertos \u00e0s fam\u00edlias\u00a0para que\u00a0os pais participem intensamente do ambiente escolar, enquanto os filhos se sentem mais acolhidos e, consequentemente, aprendem e interagem mais.<\/p>\n<p style=\"text-align: justify;\"><strong>Material Did\u00e1tico: <\/strong>A lista de materiais did\u00e1ticos-pedag\u00f3gicos para a s\u00e9rie em curso dever\u00e1 ser adquirida na Secretaria durante a matr\u00edcula.<\/p>\n<p style=\"text-align: justify;\"><strong>Sistema de Avalia\u00e7\u00e3o:<\/strong>\u00a0Na Educa\u00e7\u00e3o Infantil, a avalia\u00e7\u00e3o \u00e9 permanente, cont\u00ednua e qualitativa, com observa\u00e7\u00e3o e registro, que chega aos pais na forma de relat\u00f3rio trimestral.<\/p>\n<p style=\"text-align: justify;\"><strong>Importante: <\/strong>O uso do uniforme completo \u00e9 obrigat\u00f3rio.<\/p>\n<p>[\/et_pb_text][\/et_pb_column][\/et_pb_row][\/et_pb_section]<\/p>\n","protected":false},"excerpt":{"rendered":"<p>[et_pb_section fb_built=&#8221;1&#8243; fullwidth=&#8221;on&#8221; _builder_version=&#8221;3.0.98&#8243; background_image=&#8221;https:\/\/cebrasilcentral.com.br\/novosite\/wp-content\/uploads\/2019\/01\/1577.jpg&#8221; custom_padding=&#8221;500px|||&#8221;][\/et_pb_section][et_pb_section fb_built=&#8221;1&#8243; background_color=&#8221;#ffffff&#8221; _builder_version=&#8221;3.0.47&#8243; transparent_background=&#8221;off&#8221;][et_pb_row _builder_version=&#8221;3.0.47&#8243; background_size=&#8221;initial&#8221; background_position=&#8221;top_left&#8221; background_repeat=&#8221;repeat&#8221;][et_pb_column type=&#8221;1_2&#8243; _builder_version=&#8221;3.0.47&#8243; parallax=&#8221;off&#8221; parallax_method=&#8221;on&#8221;][et_pb_text admin_label=&#8221;Text&#8221; _builder_version=&#8221;3.0.98&#8243; background_size=&#8221;initial&#8221; background_position=&#8221;top_left&#8221; background_repeat=&#8221;repeat&#8221;] EDUCA\u00c7\u00c3O INFANTIL \u00c9 uma fase determinante para que a crian\u00e7a adquira o gosto pelo conhecimento e se adapte ao universo escolar.\u00a0 Ciente disso, o Centro Educacional Brasil Central trabalha da melhor forma [&hellip;]<\/p>\n","protected":false},"author":4,"featured_media":0,"parent":0,"menu_order":0,"comment_status":"open","ping_status":"closed","template":"","meta":{"_et_pb_use_builder":"on","_et_pb_old_content":"","footnotes":""},"class_list":["post-302","page","type-page","status-publish","hentry"],"_links":{"self":[{"href":"https:\/\/cebrasilcentral.com.br\/novosite\/wp-json\/wp\/v2\/pages\/302","targetHints":{"allow":["GET"]}}],"collection":[{"href":"https:\/\/cebrasilcentral.com.br\/novosite\/wp-json\/wp\/v2\/pages"}],"about":[{"href":"https:\/\/cebrasilcentral.com.br\/novosite\/wp-json\/wp\/v2\/types\/page"}],"author":[{"embeddable":true,"href":"https:\/\/cebrasilcentral.com.br\/novosite\/wp-json\/wp\/v2\/users\/4"}],"replies":[{"embeddable":true,"href":"https:\/\/cebrasilcentral.com.br\/novosite\/wp-json\/wp\/v2\/comments?post=302"}],"version-history":[{"count":93,"href":"https:\/\/cebrasilcentral.com.br\/novosite\/wp-json\/wp\/v2\/pages\/302\/revisions"}],"predecessor-version":[{"id":1347,"href":"https:\/\/cebrasilcentral.com.br\/novosite\/wp-json\/wp\/v2\/pages\/302\/revisions\/1347"}],"wp:attachment":[{"href":"https:\/\/cebrasilcentral.com.br\/novosite\/wp-json\/wp\/v2\/media?parent=302"}],"curies":[{"name":"wp","href":"https:\/\/api.w.org\/{rel}","templated":true}]}}