{"id":318,"date":"2015-05-25T00:42:01","date_gmt":"2015-05-25T00:42:01","guid":{"rendered":"http:\/\/www.f2studio.com.br\/cebrasilcentral\/?page_id=318"},"modified":"2019-01-03T12:37:34","modified_gmt":"2019-01-03T12:37:34","slug":"tecnico-em-transacoes-imobiliarias","status":"publish","type":"page","link":"https:\/\/cebrasilcentral.com.br\/novosite\/tecnico-em-transacoes-imobiliarias\/","title":{"rendered":"TTI :: T\u00c9CNICO EM TRANSA\u00c7\u00d5ES IMOBILI\u00c1RIAS"},"content":{"rendered":"<p>[et_pb_section fb_built=&#8221;1&#8243; fullwidth=&#8221;on&#8221; _builder_version=&#8221;3.0.98&#8243; background_image=&#8221;https:\/\/cebrasilcentral.com.br\/novosite\/wp-content\/uploads\/2017\/07\/tti.jpg&#8221; custom_padding=&#8221;500px|||&#8221;][\/et_pb_section][et_pb_section fb_built=&#8221;1&#8243; _builder_version=&#8221;3.0.47&#8243;][et_pb_row _builder_version=&#8221;3.0.47&#8243; background_size=&#8221;initial&#8221; background_position=&#8221;top_left&#8221; background_repeat=&#8221;repeat&#8221;][et_pb_column type=&#8221;1_2&#8243; _builder_version=&#8221;3.0.47&#8243; parallax=&#8221;off&#8221; parallax_method=&#8221;on&#8221;][et_pb_blurb title=&#8221;O CURSO&#8221; use_icon=&#8221;on&#8221; font_icon=&#8221;?&#8221; icon_color=&#8221;#000000&#8243; icon_placement=&#8221;left&#8221; admin_label=&#8221;Blurb&#8221; _builder_version=&#8221;3.0.47&#8243; background_size=&#8221;initial&#8221; background_position=&#8221;top_left&#8221; background_repeat=&#8221;repeat&#8221; animation=&#8221;off&#8221;][\/et_pb_blurb][et_pb_text admin_label=&#8221;Text&#8221; _builder_version=&#8221;3.0.47&#8243; background_size=&#8221;initial&#8221; background_position=&#8221;top_left&#8221; background_repeat=&#8221;repeat&#8221;]<\/p>\n<p style=\"text-align: justify;\">O mercado de im\u00f3veis anda bastante movimentado nos \u00faltimos anos, mas faltam ainda profissionais devidamente preparados para atuar nas grandes cidades. Pensando nisso, o Centro Educacional Brasil Central inicia em 2016 o curso T\u00e9cnico em Transa\u00e7\u00f5es Imobili\u00e1rias, com um curr\u00edculo totalmente ajustado \u00e0s necessidades do mercado no Distrito Federal.<\/p>\n<p style=\"text-align: justify;\">O curso permite formar profissionais aptos a atuar no mercado imobili\u00e1rio, tanto nas atividades de administra\u00e7\u00e3o, presta\u00e7\u00e3o de servi\u00e7os e corretagem de im\u00f3veis, quanto no desenvolvimento de projetos, planejamento e execu\u00e7\u00e3o de vendas, permitindo uma vis\u00e3o global do mercado imobili\u00e1rio e proporcionando conhecimentos tanto generalistas, quanto espec\u00edficos e assim a atua\u00e7\u00e3o diversificada em diferentes especialidades.<\/p>\n<p style=\"text-align: justify;\">Considerado profissional liberal, seja aut\u00f4nomo ou empregado de empresa ou sociedade administradora, o corretor de im\u00f3veis presta servi\u00e7os no ramo das transa\u00e7\u00f5es imobili\u00e1rias, que constam da intermedia\u00e7\u00e3o na compra, venda, permuta, loca\u00e7\u00e3o, e de administra\u00e7\u00e3o em geral. Na qualidade de t\u00e9cnico, tem compet\u00eancia para opinar em mat\u00e9ria de comercializa\u00e7\u00e3o imobili\u00e1ria de im\u00f3veis, o que lhe d\u00e1 a qualidade de perito.<\/p>\n<p style=\"text-align: justify;\">Ao mesmo tempo, a exist\u00eancia deste curso, n\u00e3o traz apenas reflexos e benef\u00edcios para aqueles que pretendem atuar como profissionais neste setor, mas \u00e0 comunidade em geral, pois al\u00e9m de oferecer perspectivas de trabalho, coloca a servi\u00e7o da sociedade profissionais capacitados, que contribuir\u00e3o para que os atendimentos sejam qualificados e \u00e9ticos.<\/p>\n<p>[\/et_pb_text][et_pb_divider height=&#8221;10&#8243; disabled_on=&#8221;on|on|off&#8221; admin_label=&#8221;Divider&#8221; _builder_version=&#8221;3.0.47&#8243;][\/et_pb_divider][et_pb_blurb title=&#8221;MERCADO DE TRABALHO&#8221; use_icon=&#8221;on&#8221; font_icon=&#8221;?&#8221; icon_color=&#8221;#000000&#8243; icon_placement=&#8221;left&#8221; admin_label=&#8221;Blurb&#8221; _builder_version=&#8221;3.0.47&#8243; background_size=&#8221;initial&#8221; background_position=&#8221;top_left&#8221; background_repeat=&#8221;repeat&#8221; animation=&#8221;off&#8221;][\/et_pb_blurb][et_pb_text admin_label=&#8221;Text&#8221; _builder_version=&#8221;3.0.47&#8243; background_size=&#8221;initial&#8221; background_position=&#8221;top_left&#8221; background_repeat=&#8221;repeat&#8221;]<\/p>\n<p style=\"text-align: justify;\">O T\u00e9cnico em Transa\u00e7\u00f5es Imobili\u00e1rias \u00e9 o profissional do Eixo de Gest\u00e3o e Neg\u00f3cios que realiza a\u00e7\u00f5es de planejamento, execu\u00e7\u00e3o, controle e avalia\u00e7\u00e3o das a\u00e7\u00f5es de compra, venda loca\u00e7\u00e3o, permuta e administra\u00e7\u00e3o de im\u00f3veis, agindo de acordo com a Legisla\u00e7\u00e3o, que regulamenta a profiss\u00e3o de Corretor de Im\u00f3veis. O t\u00e9cnico da \u00e1rea pode atuar em empresas do setor imobili\u00e1rio, constru\u00e7\u00e3o civil, urbanizadoras, loteadoras, agentes financeiros, empresas prestadoras de servi\u00e7os, empresas privadas e ainda como aut\u00f4nomo.<\/p>\n<p>[\/et_pb_text][et_pb_divider height=&#8221;10&#8243; disabled_on=&#8221;on|on|off&#8221; admin_label=&#8221;Divider&#8221; _builder_version=&#8221;3.0.47&#8243;][\/et_pb_divider][et_pb_blurb title=&#8221;NOSSOS DIFERENCIAIS&#8221; use_icon=&#8221;on&#8221; font_icon=&#8221;?&#8221; icon_color=&#8221;#000000&#8243; icon_placement=&#8221;left&#8221; admin_label=&#8221;Blurb&#8221; _builder_version=&#8221;3.0.47&#8243; background_size=&#8221;initial&#8221; background_position=&#8221;top_left&#8221; background_repeat=&#8221;repeat&#8221; animation=&#8221;off&#8221;][\/et_pb_blurb][et_pb_text admin_label=&#8221;Text&#8221; _builder_version=&#8221;3.0.47&#8243; background_size=&#8221;initial&#8221; background_position=&#8221;top_left&#8221; background_repeat=&#8221;repeat&#8221;]<\/p>\n<p style=\"text-align: justify;\">:: Sua matr\u00edcula pode ser feita em qualquer \u00e9poca do ano;<br \/>\n:: Voc\u00ea pode estudar onde e quando quiser, respeitando seu ritmo;<br \/>\n:: O investimento \u00e9 bem menor quando comparado a um curso presencial: nossas mensalidades n\u00e3o pesam no seu bolso e voc\u00ea conclui o curso segundo sua disponibilidade de tempo e condi\u00e7\u00f5es financeiras;<br \/>\n:: O curso \u00e9 composto por m\u00f3dulos e ao t\u00e9rmino de cada m\u00f3dulo voc\u00ea conquista uma qualifica\u00e7\u00e3o profissional, sendo que no final do curso voc\u00ea ter\u00e1 tr\u00eas qualifica\u00e7\u00f5es profissionais al\u00e9m do diploma de T\u00e9cnico;<br \/>\n:: Seu diploma ter\u00e1 o mesmo valor do diploma de um curso presencial e ser\u00e1 v\u00e1lido em todo o territ\u00f3rio brasileiro.<\/p>\n<p>[\/et_pb_text][\/et_pb_column][et_pb_column type=&#8221;1_2&#8243; _builder_version=&#8221;3.0.47&#8243; parallax=&#8221;off&#8221; parallax_method=&#8221;on&#8221;][et_pb_blurb title=&#8221;PR\u00c9-REQUISITOS&#8221; use_icon=&#8221;on&#8221; font_icon=&#8221;l&#8221; icon_color=&#8221;#000000&#8243; icon_placement=&#8221;left&#8221; admin_label=&#8221;Blurb&#8221; _builder_version=&#8221;3.0.47&#8243; background_size=&#8221;initial&#8221; background_position=&#8221;top_left&#8221; background_repeat=&#8221;repeat&#8221; animation=&#8221;off&#8221;][\/et_pb_blurb][et_pb_text admin_label=&#8221;Text&#8221; _builder_version=&#8221;3.0.47&#8243; background_size=&#8221;initial&#8221; background_position=&#8221;top_left&#8221; background_repeat=&#8221;repeat&#8221;]<\/p>\n<p style=\"text-align: justify;\">Os Cursos T\u00e9cnicos s\u00e3o destinados a todos que est\u00e3o cursando ou j\u00e1 completaram o Ensino M\u00e9dio e que desejam aprender uma profiss\u00e3o, entrar no mercado de trabalho ou complementar a forma\u00e7\u00e3o acad\u00eamica j\u00e1 adquirida, buscando uma melhor coloca\u00e7\u00e3o na empresa em que trabalha.<\/p>\n<p style=\"text-align: justify;\"><strong>Documentos exigidos para a matr\u00edcula:<\/strong><\/p>\n<p style=\"text-align: justify;\">:: Requerimento de matr\u00edcula;<br \/>\n:: C\u00f3pia da Carteira de Identidade e do CPF;<br \/>\n:: C\u00f3pia da Carteira de Identidade e do CPF do Respons\u00e1vel, quando o aluno for menor de idade;<br \/>\n:: Certificado de Conclus\u00e3o do Ensino M\u00e9dio ou Declara\u00e7\u00e3o de que est\u00e1 cursando, quando for o caso (duas vias, sendo uma delas original);<br \/>\n:: Uma foto 3&#215;4 (recente);<br \/>\n:: C\u00f3pia do Comprovante de Resid\u00eancia.<\/p>\n<p style=\"text-align: justify;\"><strong>Importante:<\/strong>\u00a0\u00c9 obrigat\u00f3ria a apresenta\u00e7\u00e3o dos documentos originais para confer\u00eancia das c\u00f3pias na matr\u00edcula.<\/p>\n<p>[\/et_pb_text][et_pb_divider height=&#8221;10&#8243; disabled_on=&#8221;on|on|off&#8221; admin_label=&#8221;Divider&#8221; _builder_version=&#8221;3.0.47&#8243;][\/et_pb_divider][et_pb_blurb title=&#8221;PROGRAMA&#8221; use_icon=&#8221;on&#8221; font_icon=&#8221;?&#8221; icon_color=&#8221;#000000&#8243; icon_placement=&#8221;left&#8221; admin_label=&#8221;Blurb&#8221; _builder_version=&#8221;3.0.47&#8243; background_size=&#8221;initial&#8221; background_position=&#8221;top_left&#8221; background_repeat=&#8221;repeat&#8221; animation=&#8221;off&#8221;][\/et_pb_blurb][et_pb_toggle title=&#8221;M\u00d3DULO I :: AUXILIAR DE ESCRIT\u00d3RIO&#8221; admin_label=&#8221;Toggle&#8221; _builder_version=&#8221;3.0.47&#8243; background_size=&#8221;initial&#8221; background_position=&#8221;top_left&#8221; background_repeat=&#8221;repeat&#8221;]::\u00a0Comunica\u00e7\u00e3o e Express\u00e3o em L\u00edngua Portuguesa<br \/>\n::\u00a0Matem\u00e1tica Financeira I<br \/>\n::\u00a0No\u00e7\u00f5es de Rela\u00e7\u00f5es Humanas e \u00c9tica<br \/>\n::\u00a0Opera\u00e7\u00f5es Imobili\u00e1rias I<br \/>\n[\/et_pb_toggle][et_pb_toggle title=&#8221;M\u00d3DULO II :: ASSISTENTE DE DEPARTAMENTO&#8221; admin_label=&#8221;Toggle&#8221; _builder_version=&#8221;3.0.47&#8243; background_size=&#8221;initial&#8221; background_position=&#8221;top_left&#8221; background_repeat=&#8221;repeat&#8221;]::\u00a0No\u00e7\u00f5es de Direito e Legisla\u00e7\u00e3o<br \/>\n::\u00a0Matem\u00e1tica Financeira II<br \/>\n::\u00a0Marketing Imobili\u00e1rio<br \/>\n:: Organiza\u00e7\u00e3o e T\u00e9cnicas Comerciais<br \/>\n[\/et_pb_toggle][et_pb_toggle title=&#8221;M\u00d3DULO III :: ASSISTENTE IMOBILI\u00c1RIO&#8221; admin_label=&#8221;Toggle&#8221; _builder_version=&#8221;3.0.47&#8243; background_size=&#8221;initial&#8221; background_position=&#8221;top_left&#8221; background_repeat=&#8221;repeat&#8221;]::\u00a0No\u00e7\u00f5es de Economia de Mercado<br \/>\n::\u00a0Avalia\u00e7\u00e3o de Im\u00f3veis<br \/>\n:: Desenho Arquitet\u00f4nico<br \/>\n::\u00a0Opera\u00e7\u00f5es Imobili\u00e1rias II<br \/>\n[\/et_pb_toggle][et_pb_text admin_label=&#8221;Text&#8221; _builder_version=&#8221;3.0.47&#8243; background_size=&#8221;initial&#8221; background_position=&#8221;top_left&#8221; background_repeat=&#8221;repeat&#8221;]<strong>Importante:<\/strong>\u00a0Este curso possui est\u00e1gio obrigat\u00f3rio de 200 horas que dever\u00e1 ser realizado ao longo do curso.<\/p>\n<p style=\"text-align: justify;\"><strong>Material Did\u00e1tico: <\/strong>Conte\u00fado <em>online<\/em> e em PDF dispon\u00edvel no ambiente virtual de aprendizagem.<\/p>\n<p style=\"text-align: justify;\"><strong>Sistema de Avalia\u00e7\u00e3o: <\/strong>Os alunos do curso ser\u00e3o avaliados atrav\u00e9s de provas, participa\u00e7\u00e3o no f\u00f3rum e frequ\u00eancia nas tutorias que correspondem a 20% (vinte por cento) do eixo tecnol\u00f3gico do curso.<\/p>\n<p>[\/et_pb_text][et_pb_divider height=&#8221;10&#8243; disabled_on=&#8221;on|on|off&#8221; admin_label=&#8221;Divider&#8221; _builder_version=&#8221;3.0.47&#8243;][\/et_pb_divider][et_pb_blurb title=&#8221;CERTIFICA\u00c7\u00c3O&#8221; use_icon=&#8221;on&#8221; font_icon=&#8221;h&#8221; icon_color=&#8221;#000000&#8243; icon_placement=&#8221;left&#8221; admin_label=&#8221;Blurb&#8221; _builder_version=&#8221;3.0.47&#8243; background_size=&#8221;initial&#8221; background_position=&#8221;top_left&#8221; background_repeat=&#8221;repeat&#8221; animation=&#8221;off&#8221;][\/et_pb_blurb][et_pb_text admin_label=&#8221;Text&#8221; _builder_version=&#8221;3.0.47&#8243; background_size=&#8221;initial&#8221; background_position=&#8221;top_left&#8221; background_repeat=&#8221;repeat&#8221;]<\/p>\n<p style=\"text-align: justify;\">Aos estudantes que conclu\u00edrem o conjunto dos m\u00f3dulos correspondentes ao Curso T\u00e9cnico em Transa\u00e7\u00f5es Imobili\u00e1rias e comprovarem a conclus\u00e3o do Ensino M\u00e9dio ser\u00e1\u00a0conferido o Diploma de T\u00e9cnico em Transa\u00e7\u00f5es Imobili\u00e1rias, N\u00edvel M\u00e9dio \u2013 Eixo Tecnol\u00f3gico Gest\u00e3o e Neg\u00f3cios.<\/p>\n<p>[\/et_pb_text][\/et_pb_column][\/et_pb_row][\/et_pb_section]<\/p>\n","protected":false},"excerpt":{"rendered":"<p>[et_pb_section fb_built=&#8221;1&#8243; fullwidth=&#8221;on&#8221; _builder_version=&#8221;3.0.98&#8243; background_image=&#8221;https:\/\/cebrasilcentral.com.br\/novosite\/wp-content\/uploads\/2017\/07\/tti.jpg&#8221; custom_padding=&#8221;500px|||&#8221;][\/et_pb_section][et_pb_section fb_built=&#8221;1&#8243; _builder_version=&#8221;3.0.47&#8243;][et_pb_row _builder_version=&#8221;3.0.47&#8243; background_size=&#8221;initial&#8221; background_position=&#8221;top_left&#8221; background_repeat=&#8221;repeat&#8221;][et_pb_column type=&#8221;1_2&#8243; _builder_version=&#8221;3.0.47&#8243; parallax=&#8221;off&#8221; parallax_method=&#8221;on&#8221;][et_pb_blurb title=&#8221;O CURSO&#8221; use_icon=&#8221;on&#8221; font_icon=&#8221;?&#8221; icon_color=&#8221;#000000&#8243; icon_placement=&#8221;left&#8221; admin_label=&#8221;Blurb&#8221; _builder_version=&#8221;3.0.47&#8243; background_size=&#8221;initial&#8221; background_position=&#8221;top_left&#8221; background_repeat=&#8221;repeat&#8221; animation=&#8221;off&#8221;][\/et_pb_blurb][et_pb_text admin_label=&#8221;Text&#8221; _builder_version=&#8221;3.0.47&#8243; background_size=&#8221;initial&#8221; background_position=&#8221;top_left&#8221; background_repeat=&#8221;repeat&#8221;] O mercado de im\u00f3veis anda bastante movimentado nos \u00faltimos anos, mas faltam ainda profissionais devidamente preparados para atuar nas grandes cidades. Pensando [&hellip;]<\/p>\n","protected":false},"author":4,"featured_media":0,"parent":0,"menu_order":0,"comment_status":"open","ping_status":"closed","template":"","meta":{"_et_pb_use_builder":"on","_et_pb_old_content":"","footnotes":""},"class_list":["post-318","page","type-page","status-publish","hentry"],"_links":{"self":[{"href":"https:\/\/cebrasilcentral.com.br\/novosite\/wp-json\/wp\/v2\/pages\/318","targetHints":{"allow":["GET"]}}],"collection":[{"href":"https:\/\/cebrasilcentral.com.br\/novosite\/wp-json\/wp\/v2\/pages"}],"about":[{"href":"https:\/\/cebrasilcentral.com.br\/novosite\/wp-json\/wp\/v2\/types\/page"}],"author":[{"embeddable":true,"href":"https:\/\/cebrasilcentral.com.br\/novosite\/wp-json\/wp\/v2\/users\/4"}],"replies":[{"embeddable":true,"href":"https:\/\/cebrasilcentral.com.br\/novosite\/wp-json\/wp\/v2\/comments?post=318"}],"version-history":[{"count":39,"href":"https:\/\/cebrasilcentral.com.br\/novosite\/wp-json\/wp\/v2\/pages\/318\/revisions"}],"predecessor-version":[{"id":1224,"href":"https:\/\/cebrasilcentral.com.br\/novosite\/wp-json\/wp\/v2\/pages\/318\/revisions\/1224"}],"wp:attachment":[{"href":"https:\/\/cebrasilcentral.com.br\/novosite\/wp-json\/wp\/v2\/media?parent=318"}],"curies":[{"name":"wp","href":"https:\/\/api.w.org\/{rel}","templated":true}]}}