{"id":323,"date":"2015-05-25T00:44:16","date_gmt":"2015-05-25T00:44:16","guid":{"rendered":"http:\/\/www.f2studio.com.br\/cebrasilcentral\/?page_id=323"},"modified":"2019-01-16T17:12:25","modified_gmt":"2019-01-16T17:12:25","slug":"secretaria-escolar-a-distancia","status":"publish","type":"page","link":"https:\/\/cebrasilcentral.com.br\/novosite\/secretaria-escolar-a-distancia\/","title":{"rendered":"SEAD :: SECRETARIA ESCOLAR \u00c0 DIST\u00c2NCIA"},"content":{"rendered":"<p>[et_pb_section fb_built=&#8221;1&#8243; fullwidth=&#8221;on&#8221; _builder_version=&#8221;3.0.98&#8243; background_image=&#8221;https:\/\/cebrasilcentral.com.br\/novosite\/wp-content\/uploads\/2017\/07\/sead.jpg&#8221; custom_padding=&#8221;500px|||&#8221;][\/et_pb_section][et_pb_section fb_built=&#8221;1&#8243; _builder_version=&#8221;3.0.47&#8243;][et_pb_row _builder_version=&#8221;3.0.47&#8243; background_size=&#8221;initial&#8221; background_position=&#8221;top_left&#8221; background_repeat=&#8221;repeat&#8221;][et_pb_column type=&#8221;1_2&#8243; _builder_version=&#8221;3.0.47&#8243; parallax=&#8221;off&#8221; parallax_method=&#8221;on&#8221;][et_pb_text admin_label=&#8221;Text&#8221; _builder_version=&#8221;3.0.98&#8243; background_size=&#8221;initial&#8221; background_position=&#8221;top_left&#8221; background_repeat=&#8221;repeat&#8221;]<\/p>\n<h1>SECRETARIA ESCOLAR \u00c0 DIST\u00c2NCIA<\/h1>\n<p>O curso T\u00e9cnico em Secretaria Escolar do Centro Educacional Brasil Central possui um curr\u00edculo totalmente ajustado \u00e0s necessidades do mercado educacional, formando profissionais aptos para atuar com compet\u00eancia na \u00e1rea da Educa\u00e7\u00e3o.<\/p>\n<p>A profiss\u00e3o de secretariado foi regulamentada em 1985 e, desde ent\u00e3o, o mercado de trabalho para profissionais da \u00e1rea s\u00f3 aumentou e se fortaleceu. Foi a partir da regulamenta\u00e7\u00e3o que a sua participa\u00e7\u00e3o nas empresas e escolas passou a ser mais valorizada, aumentando as op\u00e7\u00f5es de forma\u00e7\u00e3o\u00a0para este profissional.<\/p>\n<p>A escola, como qualquer empresa, necessita alcan\u00e7ar padr\u00f5es de qualidade. Para cumprir sua miss\u00e3o, a unidade escolar deve ser administrada a partir de princ\u00edpios gerenciais que assegurem a efici\u00eancia e a qualidade dos servi\u00e7os oferecidos. Para isso, o profissional de secretaria escolar \u00e9 figura chave, uma vez que suas atividades e a\u00e7\u00f5es interferem diretamente na administra\u00e7\u00e3o escolar.<\/p>\n<p>O profissional de secretaria escolar possui atribui\u00e7\u00f5es e responsabilidades de grande relev\u00e2ncia para o bom desempenho da escola e \u00e9 elemento de an\u00e1lise para o credenciamento e funcionamento de uma escola de acordo com a legisla\u00e7\u00e3o vigente.<\/p>\n<p>Se voc\u00ea pretende atuar nesta profiss\u00e3o, ou se j\u00e1 exerce atividades pertinentes a \u00e1rea, este curso permite a voc\u00ea desempenhar atividades que s\u00f3 um profissional formado e registrado pode desenvolver. Isto significa uma melhor remunera\u00e7\u00e3o e mais oportunidades.<\/p>\n<p>[\/et_pb_text][\/et_pb_column][et_pb_column type=&#8221;1_2&#8243; _builder_version=&#8221;3.0.47&#8243; parallax=&#8221;off&#8221; parallax_method=&#8221;on&#8221;][et_pb_accordion _builder_version=&#8221;3.0.98&#8243;][et_pb_accordion_item title=&#8221;Mercado de Trabalho&#8221; open=&#8221;on&#8221; _builder_version=&#8221;3.0.98&#8243; title_text_shadow_horizontal_length=&#8221;0em&#8221; title_text_shadow_vertical_length=&#8221;0em&#8221; title_text_shadow_blur_strength=&#8221;0em&#8221; body_text_shadow_horizontal_length=&#8221;0em&#8221; body_text_shadow_vertical_length=&#8221;0em&#8221; body_text_shadow_blur_strength=&#8221;0em&#8221;]<\/p>\n<p>O T\u00e9cnico em Secretaria Escolar \u00e9 o profissional do Eixo de Gest\u00e3o e Neg\u00f3cios que colabora com a gest\u00e3o escolar, atuando no atendimento a clientes externos e internos, na gest\u00e3o administrativa e na sistematiza\u00e7\u00e3o de rotinas de trabalho. O t\u00e9cnico da \u00e1rea pode atuar em Secretarias de escolas da rede particular, estadual e municipal, bem como em Secretarias de Educa\u00e7\u00e3o.<\/p>\n<p>[\/et_pb_accordion_item][et_pb_accordion_item title=&#8221;Diploma&#8221; _builder_version=&#8221;3.0.98&#8243; title_text_shadow_horizontal_length=&#8221;0em&#8221; title_text_shadow_vertical_length=&#8221;0em&#8221; title_text_shadow_blur_strength=&#8221;0em&#8221; body_text_shadow_horizontal_length=&#8221;0em&#8221; body_text_shadow_vertical_length=&#8221;0em&#8221; body_text_shadow_blur_strength=&#8221;0em&#8221; open=&#8221;off&#8221;]<\/p>\n<p>Aos estudantes que conclu\u00edrem o conjunto dos m\u00f3dulos correspondentes ao Curso T\u00e9cnico em Secretaria Escolar e comprovarem a conclus\u00e3o do Ensino M\u00e9dio ser\u00e1\u00a0conferido o Diploma de T\u00e9cnico em Secretaria Escolar, N\u00edvel M\u00e9dio \u2013 Eixo Tecnol\u00f3gico Gest\u00e3o e Neg\u00f3cios.<\/p>\n<p>[\/et_pb_accordion_item][et_pb_accordion_item title=&#8221;Diferenciais&#8221; _builder_version=&#8221;3.0.98&#8243; title_text_shadow_horizontal_length=&#8221;0em&#8221; title_text_shadow_vertical_length=&#8221;0em&#8221; title_text_shadow_blur_strength=&#8221;0em&#8221; body_text_shadow_horizontal_length=&#8221;0em&#8221; body_text_shadow_vertical_length=&#8221;0em&#8221; body_text_shadow_blur_strength=&#8221;0em&#8221; open=&#8221;off&#8221;]<\/p>\n<p>:: Sua matr\u00edcula pode ser feita em qualquer \u00e9poca do ano;<br \/> :: Voc\u00ea pode estudar onde e quando quiser, respeitando seu ritmo;<br \/> :: O investimento \u00e9 bem menor quando comparado a um curso presencial: nossas mensalidades n\u00e3o pesam no seu bolso e voc\u00ea conclui o curso segundo sua disponibilidade de tempo e condi\u00e7\u00f5es financeiras;<br \/> :: O curso \u00e9 composto por m\u00f3dulos e ao t\u00e9rmino de cada m\u00f3dulo voc\u00ea conquista uma qualifica\u00e7\u00e3o profissional, sendo que no final do curso voc\u00ea ter\u00e1 tr\u00eas qualifica\u00e7\u00f5es profissionais al\u00e9m do diploma de T\u00e9cnico;<br \/> :: Seu diploma ter\u00e1 o mesmo valor do diploma de um curso presencial e ser\u00e1 v\u00e1lido em todo o territ\u00f3rio brasileiro.<\/p>\n<p>[\/et_pb_accordion_item][et_pb_accordion_item title=&#8221;Pr\u00e9-Requisitos&#8221; _builder_version=&#8221;3.0.98&#8243; title_text_shadow_horizontal_length=&#8221;0em&#8221; title_text_shadow_vertical_length=&#8221;0em&#8221; title_text_shadow_blur_strength=&#8221;0em&#8221; body_text_shadow_horizontal_length=&#8221;0em&#8221; body_text_shadow_vertical_length=&#8221;0em&#8221; body_text_shadow_blur_strength=&#8221;0em&#8221; open=&#8221;off&#8221;]<\/p>\n<p>Os Cursos T\u00e9cnicos s\u00e3o destinados a todos que est\u00e3o cursando ou j\u00e1 completaram o Ensino M\u00e9dio e que desejam aprender uma profiss\u00e3o, entrar no mercado de trabalho ou complementar a forma\u00e7\u00e3o acad\u00eamica j\u00e1 adquirida, buscando uma melhor coloca\u00e7\u00e3o na empresa em que trabalha.<\/p>\n<p><strong>Documentos exigidos para a matr\u00edcula:<\/strong><\/p>\n<p>:: Requerimento de matr\u00edcula;<br \/> :: C\u00f3pia da Carteira de Identidade e do CPF;<br \/> :: C\u00f3pia da Carteira de Identidade e do CPF do Respons\u00e1vel, quando o aluno for menor de idade;<br \/> :: Certificado de Conclus\u00e3o do Ensino M\u00e9dio ou Declara\u00e7\u00e3o de que est\u00e1 cursando, quando for o caso (duas vias, sendo uma delas original);<br \/> :: Uma foto 3&#215;4 (recente);<br \/> :: C\u00f3pia do Comprovante de Resid\u00eancia.<\/p>\n<p><strong>Importante:<\/strong>\u00a0\u00c9 obrigat\u00f3ria a apresenta\u00e7\u00e3o dos documentos originais para confer\u00eancia das c\u00f3pias na matr\u00edcula.<\/p>\n<p>[\/et_pb_accordion_item][\/et_pb_accordion][\/et_pb_column][\/et_pb_row][et_pb_row _builder_version=&#8221;3.0.98&#8243;][et_pb_column type=&#8221;4_4&#8243; _builder_version=&#8221;3.0.98&#8243; parallax=&#8221;off&#8221; parallax_method=&#8221;on&#8221;][et_pb_text _builder_version=&#8221;3.0.98&#8243;]<\/p>\n<h1 style=\"text-align: left;\">DISCIPLINAS<\/h1>\n<p>[\/et_pb_text][\/et_pb_column][\/et_pb_row][et_pb_row _builder_version=&#8221;3.0.98&#8243;][et_pb_column type=&#8221;1_3&#8243; _builder_version=&#8221;3.0.98&#8243; parallax=&#8221;off&#8221; parallax_method=&#8221;on&#8221;][et_pb_blurb title=&#8221;M\u00d3DULO I &#8221; use_icon=&#8221;on&#8221; font_icon=&#8221;?&#8221; icon_color=&#8221;#000000&#8243; icon_placement=&#8221;left&#8221; admin_label=&#8221;Blurb&#8221; _builder_version=&#8221;3.0.98&#8243; background_size=&#8221;initial&#8221; background_position=&#8221;top_left&#8221; background_repeat=&#8221;repeat&#8221; animation=&#8221;off&#8221;]<\/p>\n<h4><strong>Auxiliar Administrativo<\/strong><\/h4>\n<p>[\/et_pb_blurb][et_pb_text admin_label=&#8221;Text&#8221; _builder_version=&#8221;3.0.98&#8243; background_size=&#8221;initial&#8221; background_position=&#8221;top_left&#8221; background_repeat=&#8221;repeat&#8221;]<\/p>\n<p>:: L\u00edngua Portuguesa I<br \/> :: T\u00e9cnicas de Reda\u00e7\u00e3o I<br \/> :: T\u00e9cnicas de Arquivo I<br \/> :: Escritura\u00e7\u00e3o Escolar I<br \/> :: Rela\u00e7\u00f5es Interpessoais e \u00c9tica Profissional I<br \/> :: No\u00e7\u00f5es sobre Gest\u00e3o Educacional I<br \/> :: Legisla\u00e7\u00e3o Educacional I<\/p>\n<p>[\/et_pb_text][\/et_pb_column][et_pb_column type=&#8221;1_3&#8243; _builder_version=&#8221;3.0.98&#8243; parallax=&#8221;off&#8221; parallax_method=&#8221;on&#8221;][et_pb_blurb title=&#8221;M\u00d3DULO II&#8221; use_icon=&#8221;on&#8221; font_icon=&#8221;?&#8221; icon_color=&#8221;#000000&#8243; icon_placement=&#8221;left&#8221; admin_label=&#8221;Blurb&#8221; _builder_version=&#8221;3.0.98&#8243; background_size=&#8221;initial&#8221; background_position=&#8221;top_left&#8221; background_repeat=&#8221;repeat&#8221; animation=&#8221;off&#8221;]<\/p>\n<h4><strong>Assitente de Departamento<\/strong><\/h4>\n<p>[\/et_pb_blurb][et_pb_text admin_label=&#8221;Text&#8221; _builder_version=&#8221;3.0.98&#8243; background_size=&#8221;initial&#8221; background_position=&#8221;top_left&#8221; background_repeat=&#8221;repeat&#8221;]<\/p>\n<p>:: L\u00edngua Portuguesa II<br \/> :: T\u00e9cnicas de Reda\u00e7\u00e3o II<br \/> :: T\u00e9cnicas de Arquivo II<br \/> :: Escritura\u00e7\u00e3o Escolar II<br \/> :: Rela\u00e7\u00f5es Interpessoais e \u00c9tica Profissional II<br \/> :: No\u00e7\u00f5es sobre Gest\u00e3o Educacional II<br \/> :: Legisla\u00e7\u00e3o Educacional II<\/p>\n<p>[\/et_pb_text][\/et_pb_column][et_pb_column type=&#8221;1_3&#8243; _builder_version=&#8221;3.0.98&#8243; parallax=&#8221;off&#8221; parallax_method=&#8221;on&#8221;][et_pb_blurb title=&#8221;M\u00d3DULO III&#8221; use_icon=&#8221;on&#8221; font_icon=&#8221;?&#8221; icon_color=&#8221;#000000&#8243; icon_placement=&#8221;left&#8221; admin_label=&#8221;Blurb&#8221; _builder_version=&#8221;3.0.98&#8243; background_size=&#8221;initial&#8221; background_position=&#8221;top_left&#8221; background_repeat=&#8221;repeat&#8221; animation=&#8221;off&#8221;]<\/p>\n<h4><strong>T\u00e9cnico em Secretaria Escolar<\/strong><\/h4>\n<p>[\/et_pb_blurb][et_pb_text admin_label=&#8221;Text&#8221; _builder_version=&#8221;3.0.98&#8243; background_size=&#8221;initial&#8221; background_position=&#8221;top_left&#8221; background_repeat=&#8221;repeat&#8221;]<\/p>\n<p>:: L\u00edngua Portuguesa III<br \/>:: T\u00e9cnicas de Reda\u00e7\u00e3o III<br \/>:: T\u00e9cnicas de Arquivo III<br \/>:: Escritura\u00e7\u00e3o Escolar III<br \/>:: Rela\u00e7\u00f5es Interpessoais e \u00c9tica Profissional III<br \/>:: No\u00e7\u00f5es sobre Gest\u00e3o Educacional III<br \/>:: Legisla\u00e7\u00e3o Educacional III<\/p>\n<p>[\/et_pb_text][\/et_pb_column][\/et_pb_row][\/et_pb_section]<\/p>\n","protected":false},"excerpt":{"rendered":"<p>[et_pb_section fb_built=&#8221;1&#8243; fullwidth=&#8221;on&#8221; _builder_version=&#8221;3.0.98&#8243; background_image=&#8221;https:\/\/cebrasilcentral.com.br\/novosite\/wp-content\/uploads\/2017\/07\/sead.jpg&#8221; custom_padding=&#8221;500px|||&#8221;][\/et_pb_section][et_pb_section fb_built=&#8221;1&#8243; _builder_version=&#8221;3.0.47&#8243;][et_pb_row _builder_version=&#8221;3.0.47&#8243; background_size=&#8221;initial&#8221; background_position=&#8221;top_left&#8221; background_repeat=&#8221;repeat&#8221;][et_pb_column type=&#8221;1_2&#8243; _builder_version=&#8221;3.0.47&#8243; parallax=&#8221;off&#8221; parallax_method=&#8221;on&#8221;][et_pb_text admin_label=&#8221;Text&#8221; _builder_version=&#8221;3.0.98&#8243; background_size=&#8221;initial&#8221; background_position=&#8221;top_left&#8221; background_repeat=&#8221;repeat&#8221;] SECRETARIA ESCOLAR \u00c0 DIST\u00c2NCIA O curso T\u00e9cnico em Secretaria Escolar do Centro Educacional Brasil Central possui um curr\u00edculo totalmente ajustado \u00e0s necessidades do mercado educacional, formando profissionais aptos para atuar com compet\u00eancia na \u00e1rea [&hellip;]<\/p>\n","protected":false},"author":4,"featured_media":0,"parent":0,"menu_order":0,"comment_status":"open","ping_status":"closed","template":"","meta":{"_et_pb_use_builder":"on","_et_pb_old_content":"<p>Oferecemos a voc\u00ea a oportunidade de ser um profissional qualificado e atuante no \u00e2mbito escolar, atrav\u00e9s<br \/> de uma metodologia moderna que lhe capacita para excelentes resultados refletindo no profissional compe-<br \/> tente e de vital import\u00e2ncia para institui\u00e7\u00e3o escolar, o(a) <strong>SECRETARIO(A) ESCOLAR<\/strong>.<br \/> * A dura\u00e7\u00e3o do curso \u00e9 de acordo com o que prev\u00ea na Resolu\u00e7\u00e3o n. 01\/2012-CEDF.<br \/> * O sistema de avalia\u00e7\u00e3o engloba: provas, atividades programadas no f\u00f3rum e frequ\u00eancia nas tutorias\u00a0que<br \/> correspondem a 20% (vinte por cento) do eixo tecnol\u00f3gico do curso.<br \/> * O material did\u00e1tico pedag\u00f3gico \u00e9 totalmente gr\u00e1tis.<\/p><p><strong>Bons estudos e desde j\u00e1, sucesso como profissional no \u00e2mbito escolar!<\/strong><\/p>","footnotes":""},"class_list":["post-323","page","type-page","status-publish","hentry"],"_links":{"self":[{"href":"https:\/\/cebrasilcentral.com.br\/novosite\/wp-json\/wp\/v2\/pages\/323","targetHints":{"allow":["GET"]}}],"collection":[{"href":"https:\/\/cebrasilcentral.com.br\/novosite\/wp-json\/wp\/v2\/pages"}],"about":[{"href":"https:\/\/cebrasilcentral.com.br\/novosite\/wp-json\/wp\/v2\/types\/page"}],"author":[{"embeddable":true,"href":"https:\/\/cebrasilcentral.com.br\/novosite\/wp-json\/wp\/v2\/users\/4"}],"replies":[{"embeddable":true,"href":"https:\/\/cebrasilcentral.com.br\/novosite\/wp-json\/wp\/v2\/comments?post=323"}],"version-history":[{"count":49,"href":"https:\/\/cebrasilcentral.com.br\/novosite\/wp-json\/wp\/v2\/pages\/323\/revisions"}],"predecessor-version":[{"id":1290,"href":"https:\/\/cebrasilcentral.com.br\/novosite\/wp-json\/wp\/v2\/pages\/323\/revisions\/1290"}],"wp:attachment":[{"href":"https:\/\/cebrasilcentral.com.br\/novosite\/wp-json\/wp\/v2\/media?parent=323"}],"curies":[{"name":"wp","href":"https:\/\/api.w.org\/{rel}","templated":true}]}}