{"id":358,"date":"2015-05-23T19:41:07","date_gmt":"2015-05-23T19:41:07","guid":{"rendered":"http:\/\/www.f2studio.com.br\/cebrasilcentral\/?page_id=38"},"modified":"2020-01-11T23:00:38","modified_gmt":"2020-01-11T23:00:38","slug":"o-colegio","status":"publish","type":"page","link":"https:\/\/cebrasilcentral.com.br\/novosite\/o-colegio\/","title":{"rendered":"CONHE\u00c7A-NOS"},"content":{"rendered":"<p>[et_pb_section fb_built=&#8221;1&#8243; fullwidth=&#8221;on&#8221; _builder_version=&#8221;3.22&#8243; background_image=&#8221;https:\/\/cebrasilcentral.com.br\/novosite\/wp-content\/uploads\/2015\/05\/MODELO-FRENTE.jpg&#8221; custom_padding=&#8221;400px|||&#8221; fb_built=&#8221;1&#8243; _i=&#8221;0&#8243; _address=&#8221;0&#8243;][\/et_pb_section][et_pb_section fb_built=&#8221;1&#8243; _builder_version=&#8221;3.22&#8243; fb_built=&#8221;1&#8243; _i=&#8221;1&#8243; _address=&#8221;1&#8243;][et_pb_row _builder_version=&#8221;3.25&#8243; _i=&#8221;0&#8243; _address=&#8221;1.0&#8243;][et_pb_column type=&#8221;4_4&#8243; _builder_version=&#8221;3.25&#8243; custom_padding=&#8221;|||&#8221; _i=&#8221;0&#8243; _address=&#8221;1.0.0&#8243; custom_padding__hover=&#8221;|||&#8221;][\/et_pb_column][\/et_pb_row][\/et_pb_section][et_pb_section fb_built=&#8221;1&#8243; _builder_version=&#8221;3.22&#8243; fb_built=&#8221;1&#8243; _i=&#8221;2&#8243; _address=&#8221;2&#8243;][et_pb_row column_structure=&#8221;1_2,1_2&#8243; _builder_version=&#8221;3.25&#8243; background_size=&#8221;initial&#8221; background_position=&#8221;top_left&#8221; background_repeat=&#8221;repeat&#8221; _i=&#8221;0&#8243; _address=&#8221;2.0&#8243;][et_pb_column type=&#8221;1_2&#8243; _builder_version=&#8221;3.25&#8243; custom_padding=&#8221;|||&#8221; _i=&#8221;0&#8243; _address=&#8221;2.0.0&#8243; custom_padding__hover=&#8221;|||&#8221;][et_pb_blurb title=&#8221;NOSSA HIST\u00d3RIA&#8221; use_icon=&#8221;on&#8221; font_icon=&#8221;?&#8221; icon_color=&#8221;#000000&#8243; icon_placement=&#8221;left&#8221; admin_label=&#8221;Blurb&#8221; _builder_version=&#8221;3.0.98&#8243; background_size=&#8221;initial&#8221; background_position=&#8221;top_left&#8221; background_repeat=&#8221;repeat&#8221; animation=&#8221;off&#8221; _i=&#8221;0&#8243; _address=&#8221;2.0.0.0&#8243;][\/et_pb_blurb][et_pb_text admin_label=&#8221;Text&#8221; _builder_version=&#8221;3.29.3&#8243; background_size=&#8221;initial&#8221; background_position=&#8221;top_left&#8221; background_repeat=&#8221;repeat&#8221; _i=&#8221;1&#8243; _address=&#8221;2.0.0.1&#8243;]<\/p>\n<p style=\"text-align: justify;\">O Centro Educacional Brasil Central \u00e9 uma institui\u00e7\u00e3o de ensino que se dedica exclusivamente \u00e0 educa\u00e7\u00e3o desde o ano de 1989.<\/p>\n<p style=\"text-align: justify;\">Possui uma ampla estrutura para melhor atender seus alunos.<\/p>\n<p style=\"text-align: justify;\">Atua acreditando que com a excel\u00eancia na educa\u00e7\u00e3o, h\u00e1 transforma\u00e7\u00e3o do meio em que se vive, que est\u00e1 em constante evolu\u00e7\u00e3o, e dos indiv\u00edduos tornando-os cidad\u00e3os justos, de valores s\u00f3lidos, felizes e criativos.<\/p>\n<p style=\"text-align: justify;\">Adota a Pedagogia de Projetos, uma forma de trabalho pertinente ao processo de produzir, de levantar d\u00favidas, de pesquisar e de criar rela\u00e7\u00f5es, que incentivam novas buscas, descobertas, compreens\u00f5es e reconstru\u00e7\u00e3o de conhecimento tornando a aprendizagem significativa e compartilhada, educa\u00e7\u00e3o transformadora, com resultados al\u00e9m dos vestibulares e do Enem.<\/p>\n<p>[\/et_pb_text][et_pb_divider show_divider=&#8221;off&#8221; disabled_on=&#8221;on|on|off&#8221; admin_label=&#8221;Divider&#8221; _builder_version=&#8221;3.23.4&#8243; height=&#8221;10px&#8221; _i=&#8221;2&#8243; _address=&#8221;2.0.0.2&#8243;][\/et_pb_divider][et_pb_blurb title=&#8221;OS FUNDADORES&#8221; use_icon=&#8221;on&#8221; font_icon=&#8221;?&#8221; icon_color=&#8221;#000000&#8243; icon_placement=&#8221;left&#8221; admin_label=&#8221;Blurb&#8221; _builder_version=&#8221;3.0.98&#8243; background_size=&#8221;initial&#8221; background_position=&#8221;top_left&#8221; background_repeat=&#8221;repeat&#8221; animation=&#8221;off&#8221; _i=&#8221;3&#8243; _address=&#8221;2.0.0.3&#8243;][\/et_pb_blurb][et_pb_text admin_label=&#8221;Text&#8221; _builder_version=&#8221;3.29.3&#8243; background_size=&#8221;initial&#8221; background_position=&#8221;top_left&#8221; background_repeat=&#8221;repeat&#8221; _i=&#8221;4&#8243; _address=&#8221;2.0.0.4&#8243;]<\/p>\n<p style=\"text-align: justify;\">Augustinho Guiotti e Joana D\u2019Arc Fradique Guiotti s\u00e3o educadores com p\u00f3s \u2013 gradua\u00e7\u00e3o em Gest\u00e3o Escolar.<\/p>\n<p style=\"text-align: justify;\">Fundaram a escola por terem como PROJETO DE VIDA a atua\u00e7\u00e3o na \u00e1rea educacional, sendo profissionais por voca\u00e7\u00e3o, unindo os talentos, os compromissos coerentes ao Projeto que os fazem felizes, realizados e plenos no exerc\u00edcio profissional, com contribui\u00e7\u00f5es de forma planejada que favore\u00e7am o desenvolvimento de capacidades, habilidades e atitudes que transforme o aluno em um cidad\u00e3o cr\u00edtico.<\/p>\n<p>[\/et_pb_text][et_pb_divider show_divider=&#8221;off&#8221; disabled_on=&#8221;on|on|off&#8221; admin_label=&#8221;Divider&#8221; _builder_version=&#8221;3.23.4&#8243; height=&#8221;10px&#8221; _i=&#8221;5&#8243; _address=&#8221;2.0.0.5&#8243;][\/et_pb_divider][et_pb_blurb title=&#8221;VIS\u00c3O&#8221; use_icon=&#8221;on&#8221; font_icon=&#8221;?&#8221; icon_color=&#8221;#000000&#8243; icon_placement=&#8221;left&#8221; admin_label=&#8221;Blurb&#8221; _builder_version=&#8221;3.0.74&#8243; background_size=&#8221;initial&#8221; background_position=&#8221;top_left&#8221; background_repeat=&#8221;repeat&#8221; animation=&#8221;off&#8221; _i=&#8221;6&#8243; _address=&#8221;2.0.0.6&#8243;][\/et_pb_blurb][et_pb_text admin_label=&#8221;Text&#8221; _builder_version=&#8221;3.29.3&#8243; background_size=&#8221;initial&#8221; background_position=&#8221;top_left&#8221; background_repeat=&#8221;repeat&#8221; _i=&#8221;7&#8243; _address=&#8221;2.0.0.7&#8243;]<\/p>\n<p style=\"text-align: justify;\">Ser um Centro Educacional de refer\u00eancia pela qualidade humana e car\u00e1ter inovador em suas propostas e pr\u00e1ticas pedag\u00f3gicas, inserindo a Pedagogia de Projetos na Educa\u00e7\u00e3o e promovendo-a de maneira significativa e compartilhada para auxiliar na forma\u00e7\u00e3o integral dos indiv\u00edduos.<\/p>\n<p>[\/et_pb_text][et_pb_blurb title=&#8221;VALORES&#8221; use_icon=&#8221;on&#8221; font_icon=&#8221;?&#8221; icon_color=&#8221;#000000&#8243; icon_placement=&#8221;left&#8221; admin_label=&#8221;Blurb&#8221; _builder_version=&#8221;3.0.74&#8243; background_size=&#8221;initial&#8221; background_position=&#8221;top_left&#8221; background_repeat=&#8221;repeat&#8221; animation=&#8221;off&#8221; _i=&#8221;8&#8243; _address=&#8221;2.0.0.8&#8243;][\/et_pb_blurb][et_pb_text admin_label=&#8221;Text&#8221; _builder_version=&#8221;3.29.3&#8243; background_size=&#8221;initial&#8221; background_position=&#8221;top_left&#8221; background_repeat=&#8221;repeat&#8221; _i=&#8221;9&#8243; _address=&#8221;2.0.0.9&#8243;]<\/p>\n<p>:: \u00c9tica;<br \/>:: Autonomia pessoal e coletiva;<br \/>:: Cordialidade;<br \/>:: Aprendizagem cont\u00ednua;<br \/>:: Discernimento;<br \/>:: Coopera\u00e7\u00e3o e<br \/>:: Parceria escola-fam\u00edlia.<\/p>\n<p>[\/et_pb_text][et_pb_divider show_divider=&#8221;off&#8221; disabled_on=&#8221;on|on|off&#8221; admin_label=&#8221;Divider&#8221; _builder_version=&#8221;3.23.4&#8243; height=&#8221;10px&#8221; _i=&#8221;10&#8243; _address=&#8221;2.0.0.10&#8243;][\/et_pb_divider][\/et_pb_column][et_pb_column type=&#8221;1_2&#8243; _builder_version=&#8221;3.25&#8243; custom_padding=&#8221;|||&#8221; _i=&#8221;1&#8243; _address=&#8221;2.0.1&#8243; custom_padding__hover=&#8221;|||&#8221;][et_pb_blurb title=&#8221;NOSSA EQUIPE&#8221; use_icon=&#8221;on&#8221; font_icon=&#8221;?&#8221; icon_color=&#8221;#000000&#8243; icon_placement=&#8221;left&#8221; admin_label=&#8221;Blurb&#8221; _builder_version=&#8221;3.0.74&#8243; background_size=&#8221;initial&#8221; background_position=&#8221;top_left&#8221; background_repeat=&#8221;repeat&#8221; animation=&#8221;off&#8221; _i=&#8221;0&#8243; _address=&#8221;2.0.1.0&#8243;][\/et_pb_blurb][et_pb_text admin_label=&#8221;Text&#8221; _builder_version=&#8221;3.29.3&#8243; background_size=&#8221;initial&#8221; background_position=&#8221;top_left&#8221; background_repeat=&#8221;repeat&#8221; _i=&#8221;1&#8243; _address=&#8221;2.0.1.1&#8243;]<\/p>\n<p style=\"text-align: justify;\">A institui\u00e7\u00e3o tem sua gest\u00e3o embasada no compromisso e no dever buscando a qualidade substancial \u00e0 demanda atendida, em termos de valores, capacidades e habilidades, com reflexos no todo social revestido nas seguintes caracter\u00edsticas:<\/p>\n<ul style=\"text-align: justify;\">\n<li>din\u00e2mica, com atua\u00e7\u00e3o que imprima modifica\u00e7\u00f5es, vontade e esperan\u00e7as;<\/li>\n<li>competente, com vis\u00e3o ampla das rela\u00e7\u00f5es institucionais da educa\u00e7\u00e3o e da sociedade, atualizando-se constantemente em face das exig\u00eancias hist\u00f3ricas;<\/li>\n<li>respons\u00e1vel, no exerc\u00edcio democr\u00e1tico de suas fun\u00e7\u00f5es, percebendo a import\u00e2ncia do trabalho coletivo e transformando a\u00e7\u00f5es solit\u00e1rias em a\u00e7\u00f5es solid\u00e1rias;<\/li>\n<li>capacidade de coordenar, com efetividade as situa\u00e7\u00f5es individuais ou de grupo, desenvolvendo um clima de trabalho favor\u00e1vel tanto individual como em grupo, desenvolvendo um clima de trabalho a favor dos reflexos no todo social revestido em caracter\u00edsticas voltadas ao crescimento do ser humano apto a produzir mudan\u00e7as;<\/li>\n<li>inovadora, na busca constante de mudan\u00e7as produzindo compet\u00eancias no n\u00edvel do corpo docente, discente e dos demais servidores.<\/li>\n<\/ul>\n<p style=\"text-align: justify;\">Em nossa administra\u00e7\u00e3o, promovemos constantes interc\u00e2mbios com os profissionais que est\u00e3o inseridos no processo de ensino-aprendizagem buscando sempre ser flex\u00edvel, democr\u00e1tica, aberta \u00e0s sugest\u00f5es respeitando as diferen\u00e7as que a din\u00e2mica educacional requer, incentivando a iniciativa, a criatividade, valorizando a compet\u00eancia, adequando-se sempre \u00e0s mudan\u00e7as sociais e culturais que influenciam permanentemente no processo de ensino aprendizagem, objetivando o sucesso escolar do aluno.<\/p>\n<p style=\"text-align: justify;\">A gest\u00e3o administrativa e pedag\u00f3gica \u00e9 indissoci\u00e1vel, exercida por gestores, com atribui\u00e7\u00f5es prescritas no Regimento Escolar.<\/p>\n<p style=\"text-align: justify;\">A dire\u00e7\u00e3o delega poderes, nos aspectos did\u00e1ticos \u2013 pedag\u00f3gicos e administrativos.<\/p>\n<p style=\"text-align: justify;\">O aperfei\u00e7oamento dos profissionais \u00e9 feito permanentemente atrav\u00e9s de ciclos de estudos, treinamento em servi\u00e7os, semin\u00e1rios, palestras, boletins, congressos, cursos de atualiza\u00e7\u00e3o e forma\u00e7\u00e3o, semana pedag\u00f3gica, para estarem em dia com a evolu\u00e7\u00e3o do processo educacional.<\/p>\n<p style=\"text-align: justify;\">Todos os profissionais da institui\u00e7\u00e3o atuam conforme o Calend\u00e1rio Escolar, hor\u00e1rio de funcionamento e atribui\u00e7\u00f5es devidas que constam no Regimento Escolar.<\/p>\n<p style=\"text-align: justify;\">Oferecer servi\u00e7os exclusivos na \u00e1rea educacional, educando com base nos princ\u00edpios da \u00e9tica, do respeito aos valores s\u00f3cio\u2013culturais e pol\u00edticos, capacitando crian\u00e7as, adolescentes, jovens e adultos para a\u00e7\u00f5es respons\u00e1veis e cr\u00edticas, conscientes de suas atribui\u00e7\u00f5es para uma sociedade transformadora, justa, solid\u00e1ria e com oportunidades igualit\u00e1rias.<\/p>\n<p>[\/et_pb_text][\/et_pb_column][\/et_pb_row][et_pb_row column_structure=&#8221;2_5,3_5&#8243; _builder_version=&#8221;3.25&#8243; _i=&#8221;1&#8243; _address=&#8221;2.1&#8243;][et_pb_column type=&#8221;2_5&#8243; _builder_version=&#8221;3.25&#8243; custom_padding=&#8221;|||&#8221; _i=&#8221;0&#8243; _address=&#8221;2.1.0&#8243; custom_padding__hover=&#8221;|||&#8221;][et_pb_image src=&#8221;https:\/\/cebrasilcentral.com.br\/novosite\/wp-content\/uploads\/2019\/01\/olimpiadas.png&#8221; align=&#8221;right&#8221; align_tablet=&#8221;center&#8221; align_last_edited=&#8221;on|desktop&#8221; module_id=&#8221;missao&#8221; _builder_version=&#8221;3.23&#8243; _i=&#8221;0&#8243; _address=&#8221;2.1.0.0&#8243;][\/et_pb_image][\/et_pb_column][et_pb_column type=&#8221;3_5&#8243; _builder_version=&#8221;3.25&#8243; custom_padding=&#8221;|||&#8221; _i=&#8221;1&#8243; _address=&#8221;2.1.1&#8243; custom_padding__hover=&#8221;|||&#8221;][\/et_pb_column][\/et_pb_row][\/et_pb_section]<\/p>\n","protected":false},"excerpt":{"rendered":"<p>[et_pb_section fb_built=&#8221;1&#8243; fullwidth=&#8221;on&#8221; _builder_version=&#8221;3.22&#8243; background_image=&#8221;https:\/\/cebrasilcentral.com.br\/novosite\/wp-content\/uploads\/2015\/05\/MODELO-FRENTE.jpg&#8221; custom_padding=&#8221;400px|||&#8221; fb_built=&#8221;1&#8243; _i=&#8221;0&#8243; _address=&#8221;0&#8243;][\/et_pb_section][et_pb_section fb_built=&#8221;1&#8243; _builder_version=&#8221;3.22&#8243; fb_built=&#8221;1&#8243; _i=&#8221;1&#8243; _address=&#8221;1&#8243;][et_pb_row _builder_version=&#8221;3.25&#8243; _i=&#8221;0&#8243; _address=&#8221;1.0&#8243;][et_pb_column type=&#8221;4_4&#8243; _builder_version=&#8221;3.25&#8243; custom_padding=&#8221;|||&#8221; _i=&#8221;0&#8243; _address=&#8221;1.0.0&#8243; custom_padding__hover=&#8221;|||&#8221;][\/et_pb_column][\/et_pb_row][\/et_pb_section][et_pb_section fb_built=&#8221;1&#8243; _builder_version=&#8221;3.22&#8243; fb_built=&#8221;1&#8243; _i=&#8221;2&#8243; _address=&#8221;2&#8243;][et_pb_row column_structure=&#8221;1_2,1_2&#8243; _builder_version=&#8221;3.25&#8243; background_size=&#8221;initial&#8221; background_position=&#8221;top_left&#8221; background_repeat=&#8221;repeat&#8221; _i=&#8221;0&#8243; _address=&#8221;2.0&#8243;][et_pb_column type=&#8221;1_2&#8243; _builder_version=&#8221;3.25&#8243; custom_padding=&#8221;|||&#8221; _i=&#8221;0&#8243; _address=&#8221;2.0.0&#8243; custom_padding__hover=&#8221;|||&#8221;][et_pb_blurb title=&#8221;NOSSA HIST\u00d3RIA&#8221; use_icon=&#8221;on&#8221; font_icon=&#8221;?&#8221; icon_color=&#8221;#000000&#8243; icon_placement=&#8221;left&#8221; admin_label=&#8221;Blurb&#8221; _builder_version=&#8221;3.0.98&#8243; background_size=&#8221;initial&#8221; background_position=&#8221;top_left&#8221; background_repeat=&#8221;repeat&#8221; animation=&#8221;off&#8221; _i=&#8221;0&#8243; _address=&#8221;2.0.0.0&#8243;][\/et_pb_blurb][et_pb_text [&hellip;]<\/p>\n","protected":false},"author":4,"featured_media":0,"parent":0,"menu_order":0,"comment_status":"open","ping_status":"closed","template":"","meta":{"_et_pb_use_builder":"on","_et_pb_old_content":"","footnotes":""},"class_list":["post-358","page","type-page","status-publish","hentry"],"_links":{"self":[{"href":"https:\/\/cebrasilcentral.com.br\/novosite\/wp-json\/wp\/v2\/pages\/358","targetHints":{"allow":["GET"]}}],"collection":[{"href":"https:\/\/cebrasilcentral.com.br\/novosite\/wp-json\/wp\/v2\/pages"}],"about":[{"href":"https:\/\/cebrasilcentral.com.br\/novosite\/wp-json\/wp\/v2\/types\/page"}],"author":[{"embeddable":true,"href":"https:\/\/cebrasilcentral.com.br\/novosite\/wp-json\/wp\/v2\/users\/4"}],"replies":[{"embeddable":true,"href":"https:\/\/cebrasilcentral.com.br\/novosite\/wp-json\/wp\/v2\/comments?post=358"}],"version-history":[{"count":37,"href":"https:\/\/cebrasilcentral.com.br\/novosite\/wp-json\/wp\/v2\/pages\/358\/revisions"}],"predecessor-version":[{"id":1902,"href":"https:\/\/cebrasilcentral.com.br\/novosite\/wp-json\/wp\/v2\/pages\/358\/revisions\/1902"}],"wp:attachment":[{"href":"https:\/\/cebrasilcentral.com.br\/novosite\/wp-json\/wp\/v2\/media?parent=358"}],"curies":[{"name":"wp","href":"https:\/\/api.w.org\/{rel}","templated":true}]}}